{"id":155,"date":"2021-07-19T16:51:26","date_gmt":"2021-07-19T16:51:26","guid":{"rendered":"https:\/\/neu.eisenbahnmuseum-vienenburg.de\/?page_id=155"},"modified":"2023-03-23T12:15:06","modified_gmt":"2023-03-23T12:15:06","slug":"historischer-schnellzug","status":"publish","type":"page","link":"https:\/\/www.eisenbahnmuseum-vienenburg.de\/?page_id=155","title":{"rendered":"Historischer Schnellzug"},"content":{"rendered":"<p><a href=\"https:\/\/www.eisenbahnmuseum-vienenburg.de\/wp-content\/uploads\/2022\/06\/historischer-zug-2.bmp\"><img loading=\"lazy\" decoding=\"async\" class=\"alignnone size-full wp-image-459\" src=\"https:\/\/www.eisenbahnmuseum-vienenburg.de\/wp-content\/uploads\/2022\/06\/historischer-zug-2.bmp\" alt=\"\" width=\"1287\" height=\"70\" \/><\/a><\/p>\n<p>Ein St\u00fcck Eisenbahngeschichte in einem historischen Sonderzug hautnah miterleben zu k\u00f6nnen und somit jeder Generation zug\u00e4nglich zu machen, ist f\u00fcr uns von gro\u00dfer Bedeutung. Begleiten sie uns auf die n\u00e4chste Reise zu Zielen in ganz Deutschland, an die Nord- und Ostseek\u00fcste, den Th\u00fcringer Wald, an den Rhein oder zu einer gem\u00fctlichen Fahrt mit weihnachtlichem Flair u. v. m.<\/p>\n<p>Neben \u00f6ffentlichen Sonderfahrten f\u00fcr jedermann bieten wir Betriebsfahrten, Firmen- oder Vereinsfeiern u.a. mit unserem &#8222;Partyzug&#8220; an.<\/p>\n<p>Das legend\u00e4re Restaurant mit Bar und K\u00fcche im Halbspeisewagen, sowie ein bedarfsweise eingesetzter und zum Tanzwagen hergerichteter Schnellzugwagen laden zu einer lustigen, ja tanzfreudigen\u00a0Fahrt zum Zielort und zur\u00fcck ein.<\/p>\n<p>So kann sich jeder frei im gesamten Zug bewegen, mit vielen Kollegen\/innen ins Gespr\u00e4ch kommen und dann mit vollem Elan das Tanzbein schwingen.<\/p>\n<p><img loading=\"lazy\" decoding=\"async\" class=\"alignleft wp-image-231 size-full\" src=\"https:\/\/eisenbahnmuseum-vienenburg.de\/wp-content\/uploads\/2021\/07\/Blick_in_die_Landschaft.jpg\" alt=\"\" width=\"293\" height=\"220\" \/><\/p>\n<p>Wer in Ruhe die vorbeiziehende Landschaft genie\u00dfen will,der zieht sich in die \u201eabgeschlossenen\u201c, mit je sechs bequemen Sitzpl\u00e4tzen ausgestatteten Abteile der Reisezugwagen zur\u00fcck.<\/p>\n<p>Als Unterhalter und im Service geh\u00f6rt seit Jahren DJ Maik Paula als\u00a0Vereinsmitglied dazu.<\/p>\n<p>Wenn Sie Interesse haben, k\u00f6nnen Sie sich gern n\u00e4here Informationen einholen. Anfragen zu Charterfahrten bitte mindestens 6 Monate vor dem geplanten Fahrt-Termin (siehe Kontakte) stellen,<\/p>\n<p>&nbsp;<\/p>\n<p>&nbsp;<\/p>\n<p><em>Angebote:<\/em><\/p>\n<ul>\n<li>Fahrten in bequemen Reisezugwagen mit reservierten Sitzpl\u00e4tzen zu Zielen in fast ganz Deutschland<\/li>\n<li>\u00d6ffentliche beworbene Tagesfahrten f\u00fcr Jedermann<\/li>\n<li>Themen bzw. Jubil\u00e4umsfahrten<\/li>\n<li>Charterfahrten f\u00fcr Reisegruppen mit Tanzwagen und Musik anl\u00e4sslich von<\/li>\n<li>Geburtstagsfeiern,<\/li>\n<li>Firmenjubil\u00e4en und sogar<\/li>\n<li>Hochzeitsfeiern<\/li>\n<\/ul>\n<p><em>Fahrziele: <\/em><\/p>\n<p>Zielorte waren in der Vergangenheit z.B. Bremen, Erfurt, Freyburg (Unstrut), Halle, Hamburg, Leipzig, L\u00fcbeck, Marburg, M\u00fcnster, Osnabr\u00fcck, R\u00fcgen (Binz) und Sylt (Westerland).<\/p>\n<p><em>Referenzen: <\/em><\/p>\n<p>Seit 2008 haben<\/p>\n<ul>\n<li>Kommunen wie der Landkreis Goslar,<\/li>\n<li>die Harzer Energiewerke,<\/li>\n<li>der MTV Vienenburg,<\/li>\n<li>die Sparkasse Goslar\/Hildesheim,<\/li>\n<li>die Stadt Hildesheim<\/li>\n<li>150 Jahre KEMNA<\/li>\n<li>der Bad Harzburger Tanzsportclub HTC<\/li>\n<li>u.a.<\/li>\n<\/ul>\n<p>diesen einmaligen Service genutzt. Zwischen 170 bis 400 Fahrg\u00e4ste waren stets dabei.<\/p>\n<p><em>Der Reisezug:<\/em><\/p>\n<p>Unser betriebsf\u00e4higer Zug besteht zurzeit aus vier Schnellzugwagen, die die junge Bundesbahn Ende der 50er- bis Anfang der 60er-Jahre bauen lie\u00df. Der \u201eneue\u201c Standard mit nur 6 Fahrg\u00e4sten pro Abteil in der 2. Klasse setzte europaweit neue Ma\u00dfst\u00e4be, waren damals n\u00e4mlich noch 8 Personen pro Abteil der Standard. Technisch neuen Forderungen immer wieder angepasst, pr\u00e4sentiert sich der Zug folgenderma\u00dfen:<\/p>\n<p>&nbsp;<\/p>\n<p><em>Abteilwagen, 2. Klasse: (zwei Wg. im Bestand)<\/em><\/p>\n<p><img loading=\"lazy\" decoding=\"async\" class=\"alignnone wp-image-215 size-full\" src=\"https:\/\/eisenbahnmuseum-vienenburg.de\/wp-content\/uploads\/2021\/07\/db_bum232g.gif\" alt=\"\" width=\"264\" height=\"41\" \/><\/p>\n<p>Der Schnellzugwagen Bm <sup>238<\/sup> ist f\u00fcr den Einsatz in Schnell- und Fernschnellz\u00fcgen im deutschen und internationalen Verkehr gebaut. Er besitzt 12 Fahrgastabteile mit zusammen 72 Pl\u00e4tzen, 2 Waschr\u00e4ume, 2 WC, 1 Seitengang, 2 Vorr\u00e4ume und hat Drehgestelle der Bauart Minden-Deutz.<\/p>\n<p>&nbsp;<\/p>\n<p>Er unterscheidet sich von den bisher gebauten Schnellzugwagen besonders durch seine L\u00e4nge von 26,4 rn, den Gummiwulst\u00fcberg\u00e4ngen und der hier erstmalig in der 2. Wagenklasse getroffenen Anordnung von nur 6 Pl\u00e4tzen je Abteil, anstatt 8 wie bisher. Den Fahrg\u00e4sten wird hierdurch eine gr\u00f6\u00dfere Bewegungsfreiheit geboten, Ausziehbare Polstersitze mit Textilbezug, breite Fenster &#8211; auch in den Gangw\u00e4nden -, eine gute Ger\u00e4uschisolierung, moderne Beleuchtungs- und Heizungsanlagen und gute Laufeigenschaften erm\u00f6glichen in diesen Fahrzeugen ein angenehmes Reisen.<\/p>\n<p>Kleine Abteil-Tische befinden sich an der Au\u00dfen- und der Seitengangwand, baujahrbedingt kommt der Wagen ohne Klimaanlage, daf\u00fcr lassen sich die Fenster \u00f6ffnen, oder mit einem Vorhang verdunkeln.<\/p>\n<p><img loading=\"lazy\" decoding=\"async\" class=\"alignnone wp-image-243 size-full\" src=\"https:\/\/eisenbahnmuseum-vienenburg.de\/wp-content\/uploads\/2021\/07\/20100412_162318_c.jpg\" alt=\"\" width=\"640\" height=\"427\" srcset=\"https:\/\/www.eisenbahnmuseum-vienenburg.de\/wp-content\/uploads\/2021\/07\/20100412_162318_c.jpg 640w, https:\/\/www.eisenbahnmuseum-vienenburg.de\/wp-content\/uploads\/2021\/07\/20100412_162318_c-300x200.jpg 300w\" sizes=\"auto, (max-width: 640px) 100vw, 640px\" \/><\/p>\n<ol start=\"2\">\n<li>Kl. Abteil des Reisezugwagens<\/li>\n<\/ol>\n<p>&nbsp;<\/p>\n<p><em>Abteilwagen 1. Klasse: (ein Wg. im Bestand)<\/em><\/p>\n<p>Der Schnellzugwagen Am 208 ist f\u00fcr den Einsatz in Schnell- und Fernschnellz\u00fcgen im deutschen und internationalen Verkehr gebaut. Er besitzt 10 Fahrgastabteile mit zusammen 60 Pl\u00e4tzen, 2 Waschr\u00e4ume, 2 WC. 1 Seitengang, 2 Vorr\u00e4ume und hat Drehgestelle der Bauart Minden-Deutz.<\/p>\n<p>Er unterscheidet sich von den bisher gebauten Schnellzugwagen besonders durch seine L\u00e4nge von 26,4 m und die Gummiwulst\u00fcberg\u00e4nge.<\/p>\n<p><img loading=\"lazy\" decoding=\"async\" class=\"alignnone wp-image-244 size-full\" src=\"https:\/\/eisenbahnmuseum-vienenburg.de\/wp-content\/uploads\/2021\/07\/Reisezugwagen_1-Kl_web.jpg\" alt=\"\" width=\"800\" height=\"409\" srcset=\"https:\/\/www.eisenbahnmuseum-vienenburg.de\/wp-content\/uploads\/2021\/07\/Reisezugwagen_1-Kl_web.jpg 800w, https:\/\/www.eisenbahnmuseum-vienenburg.de\/wp-content\/uploads\/2021\/07\/Reisezugwagen_1-Kl_web-300x153.jpg 300w, https:\/\/www.eisenbahnmuseum-vienenburg.de\/wp-content\/uploads\/2021\/07\/Reisezugwagen_1-Kl_web-768x393.jpg 768w\" sizes=\"auto, (max-width: 800px) 100vw, 800px\" \/><\/p>\n<p>Au\u00dfenansicht des 1.Kl. Reisezugwagens<\/p>\n<p>&nbsp;<\/p>\n<p>Ausziehbare Polstersitze, breite Fenster &#8211; auch in den Abteil-Seitengang\u00e4ngen -, eine gute Ger\u00e4uschisolierung\u201a moderne Beleuchtungs- und Heizungsanlagen und gute Laufeigenschaften erm\u00f6glichen in diesem Fahrzeug ein angenehmes Reisen.<\/p>\n<p>Kleine Abteil-Tische befinden sich an der Au\u00dfen- und der Seitengangwand, baujahrbedingt kommt der Wagen ohne Klimaanlage, daf\u00fcr lassen sich die Fenster \u00f6ffnen, oder mit einem Vorhang verdunkeln.<\/p>\n<p><img loading=\"lazy\" decoding=\"async\" class=\"alignnone wp-image-245 size-full\" src=\"https:\/\/eisenbahnmuseum-vienenburg.de\/wp-content\/uploads\/2021\/07\/1ste-klasse-abteil-des-reisezugwagens.jpg\" alt=\"\" width=\"491\" height=\"347\" srcset=\"https:\/\/www.eisenbahnmuseum-vienenburg.de\/wp-content\/uploads\/2021\/07\/1ste-klasse-abteil-des-reisezugwagens.jpg 491w, https:\/\/www.eisenbahnmuseum-vienenburg.de\/wp-content\/uploads\/2021\/07\/1ste-klasse-abteil-des-reisezugwagens-300x212.jpg 300w\" sizes=\"auto, (max-width: 491px) 100vw, 491px\" \/><\/p>\n<p>1. Kl. Abteil des Reisezugwagens<\/p>\n<p>&nbsp;<\/p>\n<p><em>Halbspeisewagen: (ein Wg. im Bestand)<\/em><\/p>\n<p>Der Speisewagen mit moderner, den heutigen Anforderungen entsprechender K\u00fcche, bietet neben der Bar im Speiseraum 18 Sitzpl\u00e4tze an den originalen Tischen in der sogenannten \u201eNierenform\u201c. Auch die geschmackvolle Holzvert\u00e4felung entspricht weitgehend noch der Originalausstattung!<\/p>\n<p><img loading=\"lazy\" decoding=\"async\" class=\"alignnone wp-image-247 size-full\" src=\"https:\/\/eisenbahnmuseum-vienenburg.de\/wp-content\/uploads\/2021\/07\/20080907_115921_a.jpg\" alt=\"Au\u00dfenansicht des Halbspeisewagens\" width=\"800\" height=\"400\" srcset=\"https:\/\/www.eisenbahnmuseum-vienenburg.de\/wp-content\/uploads\/2021\/07\/20080907_115921_a.jpg 800w, https:\/\/www.eisenbahnmuseum-vienenburg.de\/wp-content\/uploads\/2021\/07\/20080907_115921_a-300x150.jpg 300w, https:\/\/www.eisenbahnmuseum-vienenburg.de\/wp-content\/uploads\/2021\/07\/20080907_115921_a-768x384.jpg 768w\" sizes=\"auto, (max-width: 800px) 100vw, 800px\" \/><\/p>\n<p>Au\u00dfenansicht des Halbspeisewagens<\/p>\n<p>&nbsp;<\/p>\n<p><img loading=\"lazy\" decoding=\"async\" class=\"alignnone wp-image-249 size-full\" src=\"https:\/\/eisenbahnmuseum-vienenburg.de\/wp-content\/uploads\/2021\/07\/20100412_171001_c.jpg\" alt=\"Speiseraum des Halbspeisewagens\" width=\"640\" height=\"426\" srcset=\"https:\/\/www.eisenbahnmuseum-vienenburg.de\/wp-content\/uploads\/2021\/07\/20100412_171001_c.jpg 640w, https:\/\/www.eisenbahnmuseum-vienenburg.de\/wp-content\/uploads\/2021\/07\/20100412_171001_c-300x200.jpg 300w\" sizes=\"auto, (max-width: 640px) 100vw, 640px\" \/><br \/>\nSpeiseraum<\/p>\n<p>&nbsp;<\/p>\n<p><img loading=\"lazy\" decoding=\"async\" class=\"alignnone wp-image-250 size-full\" src=\"https:\/\/eisenbahnmuseum-vienenburg.de\/wp-content\/uploads\/2021\/07\/20100412_171918_c.jpg\" alt=\"Thekenbereich des Halbspeisewagens\" width=\"640\" height=\"426\" srcset=\"https:\/\/www.eisenbahnmuseum-vienenburg.de\/wp-content\/uploads\/2021\/07\/20100412_171918_c.jpg 640w, https:\/\/www.eisenbahnmuseum-vienenburg.de\/wp-content\/uploads\/2021\/07\/20100412_171918_c-300x200.jpg 300w\" sizes=\"auto, (max-width: 640px) 100vw, 640px\" \/><\/p>\n<p>Thekenbereich<\/p>\n<p>&nbsp;<\/p>\n<p>Insgesamt finden ca. 200 Fahrg\u00e4ste bei uns Platz. Bei Bedarf kann das Sitzplatzangebot im Reisezug durch \u00a0Reisezugwagen befreundeter Vereine, wie z.B. durch folgenden Wagen verst\u00e4rkt werden:<\/p>\n<p><em>Halbgep\u00e4ckwagen: (kann als Tanz- bzw. Sambawagen den Zug leihweise verst\u00e4rken)<\/em><\/p>\n<p>Die Schnellzugwagen BDm <sup>272<\/sup> ist f\u00fcr den Einsatz in Schnell- und Fernschnellz\u00fcgen im deutschen und internationalen Verkehr gebaut. Jeder Wagen hat auf dem B-Ende 6 Fahrgastabteile mit zusammen 36 Pl\u00e4tzen, 1 Waschraum, 1 WC, 1 Seitengang und 1 Vorraum, auf dem D-Ende 1 Gep\u00e4ckraum, 1. Zugf\u00fchrerabteil, falls erforderlich 1 Seitengang und 1 Vorraum. Der Wagen hat Drehgestelle der Bauart Minden-Deutz.<\/p>\n<p>Er unterscheidet sich von den fr\u00fcher gebauten Schnellzugwagen besonders durch seine L\u00e4nge von 26,4 m und durch die Gummiwulst\u00fcberg\u00e4nge. In diesem Fahrzeug erm\u00f6glichen 6 ausziehbare Polstersitze in jedem Abteil breite Fenster &#8211; auch in den Abteil-Seitengangw\u00e4nden-, eine gute Ger\u00e4uschisolierung, moderne Beleuchtungs- und Heizungsanlagen und gute Laufeigenschaften ein angenehmes Reisen, die breiten Ladet\u00fcren erm\u00f6glichen ein bequemes Ein- und Ausladen des Gep\u00e4cks.<\/p>\n<p>Bei Interesse an einer unseren Sonderfahrten sprechen Sie uns einfach an: <a href=\"https:\/\/eisenbahnmuseum-vienenburg.de\/fahrtenplanung\">Kontakt Sonderfahrten<\/a><\/p>\n<p>Unsere Fahrten f\u00fchren Sie z.B. zu Zielen bis nach Westerland, Insel R\u00fcgen, Berlin, Dresden, N\u00fcrnberg und an den Rhein. Die Wagen k\u00f6nnen bei Bedarf sowohl elektrisch als auch mittels Dampf beheizt werden.<\/p>\n","protected":false},"excerpt":{"rendered":"<p>Ein St\u00fcck Eisenbahngeschichte in einem historischen Sonderzug hautnah miterleben zu k\u00f6nnen und somit jeder Generation zug\u00e4nglich zu machen, ist f\u00fcr uns von gro\u00dfer Bedeutung. Begleiten sie uns auf die n\u00e4chste Reise zu Zielen in ganz Deutschland, an die Nord- und Ostseek\u00fcste, den Th\u00fcringer Wald, an den Rhein oder zu einer gem\u00fctlichen Fahrt mit weihnachtlichem Flair &#8230; <a title=\"Historischer Schnellzug\" class=\"read-more\" href=\"https:\/\/www.eisenbahnmuseum-vienenburg.de\/?page_id=155\" aria-label=\"Mehr dazu unter Historischer Schnellzug\">Weiterlesen<\/a><\/p>\n","protected":false},"author":1,"featured_media":0,"parent":0,"menu_order":0,"comment_status":"closed","ping_status":"closed","template":"","meta":{"footnotes":""},"class_list":["post-155","page","type-page","status-publish"],"_links":{"self":[{"href":"https:\/\/www.eisenbahnmuseum-vienenburg.de\/index.php?rest_route=\/wp\/v2\/pages\/155","targetHints":{"allow":["GET"]}}],"collection":[{"href":"https:\/\/www.eisenbahnmuseum-vienenburg.de\/index.php?rest_route=\/wp\/v2\/pages"}],"about":[{"href":"https:\/\/www.eisenbahnmuseum-vienenburg.de\/index.php?rest_route=\/wp\/v2\/types\/page"}],"author":[{"embeddable":true,"href":"https:\/\/www.eisenbahnmuseum-vienenburg.de\/index.php?rest_route=\/wp\/v2\/users\/1"}],"replies":[{"embeddable":true,"href":"https:\/\/www.eisenbahnmuseum-vienenburg.de\/index.php?rest_route=%2Fwp%2Fv2%2Fcomments&post=155"}],"version-history":[{"count":13,"href":"https:\/\/www.eisenbahnmuseum-vienenburg.de\/index.php?rest_route=\/wp\/v2\/pages\/155\/revisions"}],"predecessor-version":[{"id":586,"href":"https:\/\/www.eisenbahnmuseum-vienenburg.de\/index.php?rest_route=\/wp\/v2\/pages\/155\/revisions\/586"}],"wp:attachment":[{"href":"https:\/\/www.eisenbahnmuseum-vienenburg.de\/index.php?rest_route=%2Fwp%2Fv2%2Fmedia&parent=155"}],"curies":[{"name":"wp","href":"https:\/\/api.w.org\/{rel}","templated":true}]}}