{"id":224,"date":"2021-07-21T09:42:28","date_gmt":"2021-07-21T09:42:28","guid":{"rendered":"https:\/\/neu.eisenbahnmuseum-vienenburg.de\/?page_id=224"},"modified":"2025-11-03T15:18:01","modified_gmt":"2025-11-03T14:18:01","slug":"start","status":"publish","type":"page","link":"https:\/\/www.eisenbahnmuseum-vienenburg.de\/","title":{"rendered":"Start\/Aktuelles"},"content":{"rendered":"<p style=\"text-align: center;\"><span style=\"font-size: 18pt;\"><strong>Der VEV e.V. mit Sitz in Vienenburg hei\u00dft Sie herzlich willkommen.<\/strong><\/span><\/p>\n<p style=\"text-align: center;\"><span style=\"font-size: 18pt; color: #ff0000;\"><strong>Achtung!! <\/strong><\/span><\/p>\n<p style=\"text-align: center;\"><span style=\"font-size: 14pt; color: #ff0000;\"><strong>Das Museum am Bahnhof ist wieder jeden ersten Sonntag im Monat von 13:00 &#8211; 17:00 Uhr ge\u00f6ffnet<\/strong><\/span><\/p>\n<p style=\"text-align: center;\">*Hinweis: Bei Google ist jeder Sonntag angegeben. Das l\u00e4sst sich leider von unserer Seite nicht \u00e4ndern.<\/p>\n<p style=\"text-align: center;\">________________________________________________________________________________________________<\/p>\n<p style=\"text-align: center;\"><span style=\"font-size: 12pt;\">Erste Fortschritte sind erkennbar:<\/span><\/p>\n<p style=\"text-align: center;\"><img loading=\"lazy\" decoding=\"async\" class=\"alignnone wp-image-849\" src=\"https:\/\/www.eisenbahnmuseum-vienenburg.de\/wp-content\/uploads\/2025\/11\/20250619_123037_kl-300x169.jpg\" alt=\"\" width=\"520\" height=\"293\" srcset=\"https:\/\/www.eisenbahnmuseum-vienenburg.de\/wp-content\/uploads\/2025\/11\/20250619_123037_kl-300x169.jpg 300w, https:\/\/www.eisenbahnmuseum-vienenburg.de\/wp-content\/uploads\/2025\/11\/20250619_123037_kl-1024x577.jpg 1024w, https:\/\/www.eisenbahnmuseum-vienenburg.de\/wp-content\/uploads\/2025\/11\/20250619_123037_kl-768x433.jpg 768w, https:\/\/www.eisenbahnmuseum-vienenburg.de\/wp-content\/uploads\/2025\/11\/20250619_123037_kl.jpg 1280w\" sizes=\"auto, (max-width: 520px) 100vw, 520px\" \/><\/p>\n<p style=\"text-align: center;\">Der Wagen hat einen neuen Boden erhalten<\/p>\n<p><img loading=\"lazy\" decoding=\"async\" class=\"wp-image-841 aligncenter\" src=\"https:\/\/www.eisenbahnmuseum-vienenburg.de\/wp-content\/uploads\/2025\/10\/IMG-20251010-WA0000-300x135.jpg\" alt=\"\" width=\"522\" height=\"235\" srcset=\"https:\/\/www.eisenbahnmuseum-vienenburg.de\/wp-content\/uploads\/2025\/10\/IMG-20251010-WA0000-300x135.jpg 300w, https:\/\/www.eisenbahnmuseum-vienenburg.de\/wp-content\/uploads\/2025\/10\/IMG-20251010-WA0000-1024x461.jpg 1024w, https:\/\/www.eisenbahnmuseum-vienenburg.de\/wp-content\/uploads\/2025\/10\/IMG-20251010-WA0000-768x346.jpg 768w, https:\/\/www.eisenbahnmuseum-vienenburg.de\/wp-content\/uploads\/2025\/10\/IMG-20251010-WA0000-1536x691.jpg 1536w, https:\/\/www.eisenbahnmuseum-vienenburg.de\/wp-content\/uploads\/2025\/10\/IMG-20251010-WA0000.jpg 1600w\" sizes=\"auto, (max-width: 522px) 100vw, 522px\" \/><\/p>\n<p style=\"text-align: center;\">Die Lok err\u00f6tet langsam, auch mit den Schnellzugwagen unten\u00a0 geht es vorw\u00e4rts, die Lackierung wird erneuert:<\/p>\n<p><img loading=\"lazy\" decoding=\"async\" class=\" wp-image-842 aligncenter\" src=\"https:\/\/www.eisenbahnmuseum-vienenburg.de\/wp-content\/uploads\/2025\/10\/IMG-20251012-WA0005-300x225.jpg\" alt=\"\" width=\"555\" height=\"416\" srcset=\"https:\/\/www.eisenbahnmuseum-vienenburg.de\/wp-content\/uploads\/2025\/10\/IMG-20251012-WA0005-300x225.jpg 300w, https:\/\/www.eisenbahnmuseum-vienenburg.de\/wp-content\/uploads\/2025\/10\/IMG-20251012-WA0005-1024x768.jpg 1024w, https:\/\/www.eisenbahnmuseum-vienenburg.de\/wp-content\/uploads\/2025\/10\/IMG-20251012-WA0005-768x576.jpg 768w, https:\/\/www.eisenbahnmuseum-vienenburg.de\/wp-content\/uploads\/2025\/10\/IMG-20251012-WA0005-1536x1152.jpg 1536w, https:\/\/www.eisenbahnmuseum-vienenburg.de\/wp-content\/uploads\/2025\/10\/IMG-20251012-WA0005.jpg 2048w\" sizes=\"auto, (max-width: 555px) 100vw, 555px\" \/><\/p>\n<p style=\"text-align: center;\"><a href=\"https:\/\/www.eisenbahnmuseum-vienenburg.de\/?page_id=31\"><span style=\"font-size: 14pt;\"><strong>Siehe auch &#8222;Neuigkeiten&#8220;<\/strong><\/span><\/a><\/p>\n<p><strong><span style=\"font-size: 12pt;\"><u>Au\u00dfengel\u00e4nde ohne Kleinlokomotive? \u2013 das geht gar nicht!<\/u><\/span><\/strong><br \/>\n<span style=\"font-size: 12pt;\">Bis zum 27.07.2021 geh\u00f6rte eine Kleinlokomotive der Leistungsgruppe I (K\u00f6 I) der ehemaligen DRG, die als Dauerleihgabe der DG 41096 aus Klein-Mahner zur Verf\u00fcgung gestellt wurde zum Fahrzeugbestand. Da diese Lok an einen anderen Verein im S\u00fcden Deutschlands abgegeben wurde, suchte der VEV e.V. nach einem ad\u00e4quaten Ersatz zwecks Aufwertung des Museums.<\/span><br \/>\n<span style=\"font-size: 12pt;\">Es fand sich eine Kleinlokomotive, die ihren letzten Einsatz beim Mineral\u00f6lwerk Peine hatte und danach im Privateigentum eines Sammlers \u201e\u00fcberlebte\u201c.<\/span><br \/>\n<span style=\"font-size: 12pt;\">Die Lok konnte am 14.04.2025 in den Fahrzeugbestand des VEV e.V. \u00fcbernommen werden und erg\u00e4nzt seither die Ausstellung im Ensemble des Au\u00dfengel\u00e4ndes am Bahnhof Vienenburg.<\/span><br \/>\n<span style=\"font-size: 12pt;\">Die \u00e4u\u00dferliche Aufarbeitung durch den VEV e.V. hat begonnen.<\/span><br \/>\n<span style=\"font-size: 12pt;\"><img decoding=\"async\" class=\"img-responsive\" src=\"https:\/\/www.eisenbahn-harzvorland.de\/Jung_14037\/20250414_141255_kl.jpg\" alt=\"https:\/\/www.eisenbahn-harzvorland.de\/Jung_14037\/20250414_141255_kl.jpg\" border=\"0\" \/><\/span><\/p>\n<p><span style=\"font-size: 12pt;\">Im Schaukasten vor Ort findet der Besucher weitere Informationen und technische Daten zur neuen Kleinlok.<\/span><\/p>\n<p><span style=\"font-size: 12pt;\">Beste Gr\u00fc\u00dfe und Dank an alle potentiellen Spender<\/span><\/p>\n<p>&nbsp;<\/p>\n<p>&nbsp;<\/p>\n<p>&nbsp;<\/p>\n<p><img loading=\"lazy\" decoding=\"async\" class=\" wp-image-746 aligncenter\" src=\"https:\/\/www.eisenbahnmuseum-vienenburg.de\/wp-content\/uploads\/2024\/01\/01-1104-300x225.jpg\" alt=\"\" width=\"883\" height=\"662\" srcset=\"https:\/\/www.eisenbahnmuseum-vienenburg.de\/wp-content\/uploads\/2024\/01\/01-1104-300x225.jpg 300w, https:\/\/www.eisenbahnmuseum-vienenburg.de\/wp-content\/uploads\/2024\/01\/01-1104-1024x768.jpg 1024w, https:\/\/www.eisenbahnmuseum-vienenburg.de\/wp-content\/uploads\/2024\/01\/01-1104-768x576.jpg 768w, https:\/\/www.eisenbahnmuseum-vienenburg.de\/wp-content\/uploads\/2024\/01\/01-1104-1536x1152.jpg 1536w, https:\/\/www.eisenbahnmuseum-vienenburg.de\/wp-content\/uploads\/2024\/01\/01-1104.jpg 1600w\" sizes=\"auto, (max-width: 883px) 100vw, 883px\" \/><\/p>\n<p style=\"text-align: center;\">Foto M. Tramp<\/p>\n<p>&nbsp;<\/p>\n<p><img loading=\"lazy\" decoding=\"async\" class=\" wp-image-751 aligncenter\" src=\"https:\/\/www.eisenbahnmuseum-vienenburg.de\/wp-content\/uploads\/2024\/01\/IMG-20231219-WA0005-300x200.jpg\" alt=\"\" width=\"860\" height=\"574\" srcset=\"https:\/\/www.eisenbahnmuseum-vienenburg.de\/wp-content\/uploads\/2024\/01\/IMG-20231219-WA0005-300x200.jpg 300w, https:\/\/www.eisenbahnmuseum-vienenburg.de\/wp-content\/uploads\/2024\/01\/IMG-20231219-WA0005-1024x683.jpg 1024w, https:\/\/www.eisenbahnmuseum-vienenburg.de\/wp-content\/uploads\/2024\/01\/IMG-20231219-WA0005-768x512.jpg 768w, https:\/\/www.eisenbahnmuseum-vienenburg.de\/wp-content\/uploads\/2024\/01\/IMG-20231219-WA0005-1536x1024.jpg 1536w, https:\/\/www.eisenbahnmuseum-vienenburg.de\/wp-content\/uploads\/2024\/01\/IMG-20231219-WA0005.jpg 2048w\" sizes=\"auto, (max-width: 860px) 100vw, 860px\" \/><\/p>\n<p style=\"text-align: center;\">Ausfahrt Vbg.\u00a0 Foto: Manuel K.<\/p>\n<p><a href=\"https:\/\/www.eisenbahnmuseum-vienenburg.de\/wp-content\/uploads\/2023\/11\/01_1104_Schladen_Henning_Gothe.bmp\"><img loading=\"lazy\" decoding=\"async\" class=\"alignnone size-full wp-image-721\" src=\"https:\/\/www.eisenbahnmuseum-vienenburg.de\/wp-content\/uploads\/2023\/11\/01_1104_Schladen_Henning_Gothe.bmp\" alt=\"\" width=\"2500\" height=\"1666\" \/><\/a><\/p>\n<p style=\"text-align: center;\"><strong>Unsere Zuglok bei der Ausfahrt aus Schladen Richtung BS\u00a0 \u00a0 \u00a0 \u00a0 \u00a0 \u00a0 \u00a0 \u00a0 \u00a0 \u00a0 \u00a0 \u00a0 \u00a0 \u00a0 \u00a0 \u00a0 \u00a0 \u00a0Ph<\/strong><strong>oto: (C) Henning Gothe<\/strong><\/p>\n<p style=\"text-align: center;\">Wir haben f\u00fcr Sie Informationen \u00fcber den <a style=\"color: #000000;\" href=\"https:\/\/eisenbahnmuseum-vienenburg.de\/der-verein\">Verein<\/a>, unsere Arbeit und Ziele zusammengestellt. Des Weiteren k\u00f6nnen Sie sich \u00fcber unsere <a style=\"color: #000000;\" href=\"https:\/\/eisenbahnmuseum-vienenburg.de\/fahrzeuge\">Fahrzeuge<\/a> informieren, die f\u00fcr die meisten unserer Fahrten zum Einsatz kommen.<\/p>\n<p style=\"text-align: center;\">Dar\u00fcber hinaus informieren wir Sie \u00fcber <a style=\"color: #000000;\" href=\"https:\/\/www.eisenbahnmuseum-vienenburg.de\/sonderfahrten\">anstehende Fahrten und Veranstaltungen<\/a> und halten <a style=\"color: #000000;\" href=\"https:\/\/eisenbahnmuseum-vienenburg.de\/rueckblick\">R\u00fcckschau auf bisherige Vereinsaktivit\u00e4ten<\/a>.<\/p>\n<p style=\"text-align: center;\"><img loading=\"lazy\" decoding=\"async\" src=\"https:\/\/www.eisenbahnmuseum-vienenburg.de\/wp-content\/uploads\/2021\/07\/20150207_Lahntal_und_Oberwesterwald_119-6222_1.jpg\" alt=\"\" width=\"1200\" height=\"394\" \/><\/p>\n","protected":false},"excerpt":{"rendered":"<p>Der VEV e.V. mit Sitz in Vienenburg hei\u00dft Sie herzlich willkommen. Achtung!! Das Museum am Bahnhof ist wieder jeden ersten Sonntag im Monat von 13:00 &#8211; 17:00 Uhr ge\u00f6ffnet *Hinweis: Bei Google ist jeder Sonntag angegeben. Das l\u00e4sst sich leider von unserer Seite nicht \u00e4ndern. ________________________________________________________________________________________________ Erste Fortschritte sind erkennbar: Der Wagen hat einen neuen &#8230; <a title=\"Start\/Aktuelles\" class=\"read-more\" href=\"https:\/\/www.eisenbahnmuseum-vienenburg.de\/\" aria-label=\"Mehr dazu unter Start\/Aktuelles\">Weiterlesen<\/a><\/p>\n","protected":false},"author":1,"featured_media":0,"parent":0,"menu_order":0,"comment_status":"closed","ping_status":"closed","template":"","meta":{"footnotes":""},"class_list":["post-224","page","type-page","status-publish"],"_links":{"self":[{"href":"https:\/\/www.eisenbahnmuseum-vienenburg.de\/index.php?rest_route=\/wp\/v2\/pages\/224","targetHints":{"allow":["GET"]}}],"collection":[{"href":"https:\/\/www.eisenbahnmuseum-vienenburg.de\/index.php?rest_route=\/wp\/v2\/pages"}],"about":[{"href":"https:\/\/www.eisenbahnmuseum-vienenburg.de\/index.php?rest_route=\/wp\/v2\/types\/page"}],"author":[{"embeddable":true,"href":"https:\/\/www.eisenbahnmuseum-vienenburg.de\/index.php?rest_route=\/wp\/v2\/users\/1"}],"replies":[{"embeddable":true,"href":"https:\/\/www.eisenbahnmuseum-vienenburg.de\/index.php?rest_route=%2Fwp%2Fv2%2Fcomments&post=224"}],"version-history":[{"count":115,"href":"https:\/\/www.eisenbahnmuseum-vienenburg.de\/index.php?rest_route=\/wp\/v2\/pages\/224\/revisions"}],"predecessor-version":[{"id":859,"href":"https:\/\/www.eisenbahnmuseum-vienenburg.de\/index.php?rest_route=\/wp\/v2\/pages\/224\/revisions\/859"}],"wp:attachment":[{"href":"https:\/\/www.eisenbahnmuseum-vienenburg.de\/index.php?rest_route=%2Fwp%2Fv2%2Fmedia&parent=224"}],"curies":[{"name":"wp","href":"https:\/\/api.w.org\/{rel}","templated":true}]}}