{"id":27,"date":"2021-06-14T09:48:25","date_gmt":"2021-06-14T09:48:25","guid":{"rendered":"https:\/\/neu.eisenbahnmuseum-vienenburg.de\/?page_id=27"},"modified":"2025-11-04T13:41:30","modified_gmt":"2025-11-04T12:41:30","slug":"der-verein","status":"publish","type":"page","link":"https:\/\/www.eisenbahnmuseum-vienenburg.de\/?page_id=27","title":{"rendered":"Der Verein"},"content":{"rendered":"<p><em>Alles \u00fcber den Verein:<\/em><\/p>\n<p>Der als gemeinn\u00fctzig anerkannte Verein hat seinen Sitz im n\u00f6rdlichen Harzvorland im Ortsteil Vienenburg der Stadt Goslar \/ Niedersachsen. Der Vereinsname \u201eVerein zur F\u00f6rderung des Eisenbahnmuseums Vienenburg, eingetragener Verein&#8220; = VEV e.V. wurde bei Vereinsgr\u00fcndung gew\u00e4hlt, als der Schwerpunkt der Aufgaben allein auf dem Eisenbahnmuseum im Empfangsgeb\u00e4ude und dem Au\u00dfengel\u00e4nde, sowie auf der Erhaltung einiger nicht betriebsf\u00e4higer Exponaten lag. Mit der Gr\u00fcndung der Arbeitsgruppe \u201eHistorischer Reisezug\u201c wird dieser auch unter dem K\u00fcrzel \u201eHEV\u201c \u2013 \u201eHistorische Eisenbahn Vienenburg\u201c gef\u00fchrt und betriebsf\u00e4hig erhalten.<\/p>\n<p>Bitte lesen Sie auch Unterseiten mit weiteren interessanten Informationen zum Verein:<\/p>\n<p><a href=\"https:\/\/www.eisenbahnmuseum-vienenburg.de\/?page_id=155\">Historischer Reisezug<\/a><br \/>\n<a href=\"https:\/\/eisenbahnmuseum-vienenburg.de\/eisenbahnmuseum-am-bahnhof-vienenburg\">Eisenbahnmuseum am Bahnhof Vienenburg<\/a><br \/>\n<a href=\"https:\/\/eisenbahnmuseum-vienenburg.de\/neuigkeiten\">Neuigkeiten<\/a><br \/>\n<a href=\"https:\/\/eisenbahnmuseum-vienenburg.de\/rueckblick\">R\u00fcckblick<\/a><br \/>\n<a href=\"https:\/\/eisenbahnmuseum-vienenburg.de\/mitmachen\">Mitmachen<\/a><br \/>\n<a href=\"https:\/\/eisenbahnmuseum-vienenburg.de\/helfen-spenden\">Spenden<\/a><br \/>\n<a href=\"https:\/\/www.eisenbahnmuseum-vienenburg.de\/kooperationspartner\">Kooperationspartner<\/a><\/p>\n","protected":false},"excerpt":{"rendered":"<p>Alles \u00fcber den Verein: Der als gemeinn\u00fctzig anerkannte Verein hat seinen Sitz im n\u00f6rdlichen Harzvorland im Ortsteil Vienenburg der Stadt Goslar \/ Niedersachsen. Der Vereinsname \u201eVerein zur F\u00f6rderung des Eisenbahnmuseums Vienenburg, eingetragener Verein&#8220; = VEV e.V. wurde bei Vereinsgr\u00fcndung gew\u00e4hlt, als der Schwerpunkt der Aufgaben allein auf dem Eisenbahnmuseum im Empfangsgeb\u00e4ude und dem Au\u00dfengel\u00e4nde, sowie &#8230; <a title=\"Der Verein\" class=\"read-more\" href=\"https:\/\/www.eisenbahnmuseum-vienenburg.de\/?page_id=27\" aria-label=\"Mehr dazu unter Der Verein\">Weiterlesen<\/a><\/p>\n","protected":false},"author":1,"featured_media":0,"parent":0,"menu_order":0,"comment_status":"closed","ping_status":"closed","template":"","meta":{"footnotes":""},"class_list":["post-27","page","type-page","status-publish"],"_links":{"self":[{"href":"https:\/\/www.eisenbahnmuseum-vienenburg.de\/index.php?rest_route=\/wp\/v2\/pages\/27","targetHints":{"allow":["GET"]}}],"collection":[{"href":"https:\/\/www.eisenbahnmuseum-vienenburg.de\/index.php?rest_route=\/wp\/v2\/pages"}],"about":[{"href":"https:\/\/www.eisenbahnmuseum-vienenburg.de\/index.php?rest_route=\/wp\/v2\/types\/page"}],"author":[{"embeddable":true,"href":"https:\/\/www.eisenbahnmuseum-vienenburg.de\/index.php?rest_route=\/wp\/v2\/users\/1"}],"replies":[{"embeddable":true,"href":"https:\/\/www.eisenbahnmuseum-vienenburg.de\/index.php?rest_route=%2Fwp%2Fv2%2Fcomments&post=27"}],"version-history":[{"count":7,"href":"https:\/\/www.eisenbahnmuseum-vienenburg.de\/index.php?rest_route=\/wp\/v2\/pages\/27\/revisions"}],"predecessor-version":[{"id":864,"href":"https:\/\/www.eisenbahnmuseum-vienenburg.de\/index.php?rest_route=\/wp\/v2\/pages\/27\/revisions\/864"}],"wp:attachment":[{"href":"https:\/\/www.eisenbahnmuseum-vienenburg.de\/index.php?rest_route=%2Fwp%2Fv2%2Fmedia&parent=27"}],"curies":[{"name":"wp","href":"https:\/\/api.w.org\/{rel}","templated":true}]}}