{"id":31,"date":"2021-06-14T09:49:38","date_gmt":"2021-06-14T09:49:38","guid":{"rendered":"https:\/\/neu.eisenbahnmuseum-vienenburg.de\/?page_id=31"},"modified":"2025-11-03T15:20:13","modified_gmt":"2025-11-03T14:20:13","slug":"neuigkeiten","status":"publish","type":"page","link":"https:\/\/www.eisenbahnmuseum-vienenburg.de\/?page_id=31","title":{"rendered":"Neuigkeiten"},"content":{"rendered":"<p style=\"text-align: center;\"><span style=\"font-size: 18pt;\"><a href=\"https:\/\/www.eisenbahnmuseum-vienenburg.de\/projekt-zur-erhaltung-und-aufarbeitung-der-kleinlokomotive-koef-ii\"><strong>Ein Link zur Kleinlok K\u00f6f II des VEV.e.V<\/strong><\/a><\/span><\/p>\n<p><img loading=\"lazy\" decoding=\"async\" class=\"wp-image-800 aligncenter\" src=\"https:\/\/www.eisenbahnmuseum-vienenburg.de\/wp-content\/uploads\/2025\/05\/20240719_142149_b-300x225.jpg\" alt=\"\" width=\"530\" height=\"398\" srcset=\"https:\/\/www.eisenbahnmuseum-vienenburg.de\/wp-content\/uploads\/2025\/05\/20240719_142149_b-300x225.jpg 300w, https:\/\/www.eisenbahnmuseum-vienenburg.de\/wp-content\/uploads\/2025\/05\/20240719_142149_b-1024x768.jpg 1024w, https:\/\/www.eisenbahnmuseum-vienenburg.de\/wp-content\/uploads\/2025\/05\/20240719_142149_b-768x576.jpg 768w, https:\/\/www.eisenbahnmuseum-vienenburg.de\/wp-content\/uploads\/2025\/05\/20240719_142149_b.jpg 1280w\" sizes=\"auto, (max-width: 530px) 100vw, 530px\" \/><\/p>\n<p>&nbsp;<\/p>\n<p style=\"text-align: center;\"><span style=\"font-size: 18pt; color: #00ccff;\"><strong><span style=\"color: #ff0000;\">Neue<\/span> Kleinlok f\u00fcr unser Ausstellungsgel\u00e4nde am Bahnhof<\/strong><\/span><\/p>\n<p>&nbsp;<\/p>\n<p style=\"text-align: center;\"><span style=\"color: #000000;\">Beschreibung:<\/span><br \/>\n<span style=\"color: #000000;\">JUNG-diesel-hydraulische Lokomotive RK 8 B f\u00fcr Rangierdienst, Exponat im Au\u00dfengel\u00e4nde des Bahnhofs Vienenburg!<\/span><\/p>\n<p style=\"text-align: center;\">Zustand nach einigen Arbeiten an der Lok, man erkennt auch den Teilerfolg der Spendenaktion, die D\u00e4cher der Wagen sind erneuert und somit ist der Erhaltungsstand erstmal wieder gesichert.<\/p>\n<p><img loading=\"lazy\" decoding=\"async\" class=\" wp-image-850 aligncenter\" style=\"text-align: center;\" src=\"https:\/\/www.eisenbahnmuseum-vienenburg.de\/wp-content\/uploads\/2025\/11\/20250618_133847_kl-300x169.jpg\" alt=\"\" width=\"620\" height=\"349\" srcset=\"https:\/\/www.eisenbahnmuseum-vienenburg.de\/wp-content\/uploads\/2025\/11\/20250618_133847_kl-300x169.jpg 300w, https:\/\/www.eisenbahnmuseum-vienenburg.de\/wp-content\/uploads\/2025\/11\/20250618_133847_kl-1024x577.jpg 1024w, https:\/\/www.eisenbahnmuseum-vienenburg.de\/wp-content\/uploads\/2025\/11\/20250618_133847_kl-768x433.jpg 768w, https:\/\/www.eisenbahnmuseum-vienenburg.de\/wp-content\/uploads\/2025\/11\/20250618_133847_kl.jpg 1280w\" sizes=\"auto, (max-width: 620px) 100vw, 620px\" \/><\/p>\n<p style=\"text-align: center;\">Das Rot steht ihr gut!<\/p>\n<p style=\"text-align: center;\"><img loading=\"lazy\" decoding=\"async\" class=\"alignnone wp-image-848\" src=\"https:\/\/www.eisenbahnmuseum-vienenburg.de\/wp-content\/uploads\/2025\/11\/20250809_141018_kl-300x225.jpg\" alt=\"\" width=\"623\" height=\"467\" srcset=\"https:\/\/www.eisenbahnmuseum-vienenburg.de\/wp-content\/uploads\/2025\/11\/20250809_141018_kl-300x225.jpg 300w, https:\/\/www.eisenbahnmuseum-vienenburg.de\/wp-content\/uploads\/2025\/11\/20250809_141018_kl-1024x768.jpg 1024w, https:\/\/www.eisenbahnmuseum-vienenburg.de\/wp-content\/uploads\/2025\/11\/20250809_141018_kl-768x576.jpg 768w, https:\/\/www.eisenbahnmuseum-vienenburg.de\/wp-content\/uploads\/2025\/11\/20250809_141018_kl.jpg 1280w\" sizes=\"auto, (max-width: 623px) 100vw, 623px\" \/><\/p>\n<p style=\"text-align: center;\"><img loading=\"lazy\" decoding=\"async\" class=\"wp-image-795 aligncenter\" src=\"https:\/\/www.eisenbahnmuseum-vienenburg.de\/wp-content\/uploads\/2025\/05\/20250414_141302_kl-300x225.jpg\" alt=\"\" width=\"632\" height=\"474\" srcset=\"https:\/\/www.eisenbahnmuseum-vienenburg.de\/wp-content\/uploads\/2025\/05\/20250414_141302_kl-300x225.jpg 300w, https:\/\/www.eisenbahnmuseum-vienenburg.de\/wp-content\/uploads\/2025\/05\/20250414_141302_kl-1024x768.jpg 1024w, https:\/\/www.eisenbahnmuseum-vienenburg.de\/wp-content\/uploads\/2025\/05\/20250414_141302_kl-768x576.jpg 768w, https:\/\/www.eisenbahnmuseum-vienenburg.de\/wp-content\/uploads\/2025\/05\/20250414_141302_kl.jpg 1280w\" sizes=\"auto, (max-width: 632px) 100vw, 632px\" \/><br \/>\nBild 1: Zustand bei \u00dcbernahme am 14.04.2025<\/p>\n<p>&nbsp;<\/p>\n<p>&nbsp;<\/p>\n<p><img loading=\"lazy\" decoding=\"async\" class=\"aligncenter wp-image-796\" src=\"https:\/\/www.eisenbahnmuseum-vienenburg.de\/wp-content\/uploads\/2025\/05\/Lokskizze_01-300x150.png\" alt=\"\" width=\"524\" height=\"262\" srcset=\"https:\/\/www.eisenbahnmuseum-vienenburg.de\/wp-content\/uploads\/2025\/05\/Lokskizze_01-300x150.png 300w, https:\/\/www.eisenbahnmuseum-vienenburg.de\/wp-content\/uploads\/2025\/05\/Lokskizze_01-1024x513.png 1024w, https:\/\/www.eisenbahnmuseum-vienenburg.de\/wp-content\/uploads\/2025\/05\/Lokskizze_01-768x385.png 768w, https:\/\/www.eisenbahnmuseum-vienenburg.de\/wp-content\/uploads\/2025\/05\/Lokskizze_01-1536x769.png 1536w, https:\/\/www.eisenbahnmuseum-vienenburg.de\/wp-content\/uploads\/2025\/05\/Lokskizze_01-2048x1026.png 2048w\" sizes=\"auto, (max-width: 524px) 100vw, 524px\" \/><\/p>\n<p style=\"text-align: center;\">Bild 2: Skizze<\/p>\n<p style=\"text-align: justify;\">1\u00a0 \u00a0 \u00a0 \u00a0Hintergrund<br \/>\nDer VEV e.V. unterh\u00e4lt\u00a0 am Bahnhof\u00a0 Vienenburg ein Au\u00dfengel\u00e4nde mit Teilen einer Gleisanlage der ehemaligen \u201eHarzburger Seite\u201c und historisch erhaltenswerten Fahrzeugen. Dazu geh\u00f6rte bis zum 27.07.2021 eine Kleinlokomotive der Leistungsgruppe I der<br \/>\nehemaligen DRG, die als Dauerleihgabe der DG 41096 aus Klein-Mahner zur Verf\u00fcgung gestellt wurde. Da diese Lok an einen anderen Verein im S\u00fcden Deutschlands abgegeben wurde, suchte der VEV e.V. nach einem ad\u00e4quaten Ersatz zwecks Aufwertung des Museums.<br \/>\nEs fand sich eine Kleinlokomotive, die ihren letzten Einsatz beim Mineral\u00f6lwerk Peine hatte und danach im Privateigentum eines Sammlers \u201e\u00fcberlebte\u201c.<br \/>\nDie Lok konnte am 14.04.2025 in den Fahrzeugbestand des VEV e.V. \u00fcbernommen werden und erg\u00e4nzt seither die Ausstellung im Ensemble des Au\u00dfengel\u00e4ndes am Bahnhof Vienenburg.<br \/>\nDie \u00e4u\u00dferliche Aufarbeitung hat begonnen.<\/p>\n<p>2\u00a0 \u00a0 \u00a0 \u00a0Technische Daten der Kleinlok<br \/>\n\u2022\u00a0 \u00a0 \u00a0 \u00a0Unsere Lok:<br \/>\n\u2022\u00a0 \u00a0 \u00a0 \u00a0Typ:\u00a0 \u00a0 RK 8 B<br \/>\n\u2022\u00a0 \u00a0 \u00a0 \u00a0Bauart: B-dh<br \/>\n\u2022\u00a0 \u00a0 \u00a0 \u00a0Hersteller:\u00a0 \u00a0 \u00a0Jung<br \/>\n\u2022\u00a0 \u00a0 \u00a0 \u00a0Baujahr:\u00a0 \u00a0 \u00a0 \u00a0 1969<br \/>\n\u2022\u00a0 \u00a0 \u00a0 \u00a0Fabriknummer:\u00a0 \u00a014037<br \/>\n\u2022\u00a0 \u00a0 \u00a0 \u00a0Allgemeine Daten<br \/>\n\u2022\u00a0 \u00a0 \u00a0 \u00a0Spurweite:\u00a0 \u00a0 \u00a0 1435 mm<br \/>\n\u2022\u00a0 \u00a0 \u00a0 \u00a0Anzahl der Achsen:\u00a0 \u00a0 \u00a0 2<br \/>\n\u2022\u00a0 \u00a0 \u00a0 \u00a0Dienstgewicht:\u00a0 15 t<br \/>\n\u2022\u00a0 \u00a0 \u00a0 \u00a0Achslast:\u00a0 \u00a0 \u00a0 \u00a07,5 t<br \/>\n\u2022\u00a0 \u00a0 \u00a0 \u00a0Fahrgeschwindigkeit:\u00a0 \u00a0 0 \u2013 15 Km\/h<br \/>\n\u2022\u00a0 \u00a0 \u00a0 \u00a0Lichtanlage:\u00a0 \u00a0 24 V<br \/>\n\u2022\u00a0 \u00a0 \u00a0 \u00a0Leistung und Verbrauch:\u00a0 \u00a0 \u00a0 \u00a0 \u00a0(nach Kennblatt)<br \/>\n\u2022\u00a0 \u00a0 \u00a0 \u00a0Eingestellte Leistung:\u00a0 82 PS<br \/>\n\u2022\u00a0 \u00a0 \u00a0 \u00a0Max. Motordrehzahl:\u00a0 \u00a0 \u00a02400 U\/min.<br \/>\n\u2022\u00a0 \u00a0 \u00a0 \u00a0Kraftstoffverbrauch bei Volllast:\u00a0 \u00a0 \u00a0 \u00a0200 gr\/PSh<br \/>\n\u2022\u00a0 \u00a0 \u00a0 \u00a0Motor:<br \/>\n\u2022\u00a0 \u00a0 \u00a0 \u00a0Hersteller:\u00a0 \u00a0 \u00a0DAIMLER-BENZ A.G. BERLIN MARIENFELDE<br \/>\n\u2022\u00a0 \u00a0 \u00a0 \u00a0Motortyp:\u00a0 \u00a0 \u00a0 \u00a0OM352 I Diesel<br \/>\n\u2022\u00a0 \u00a0 \u00a0 \u00a0Bauweise:\u00a0 \u00a0 \u00a0 \u00a06-Zylinder-Reihe<br \/>\n\u2022\u00a0 \u00a0 \u00a0 \u00a0Arbeitsverfahren:\u00a0 \u00a0 \u00a0 \u00a04-Takt<br \/>\n\u2022\u00a0 \u00a0 \u00a0 \u00a0K\u00fchlung:\u00a0 \u00a0 \u00a0 \u00a0 Wasser<br \/>\n\u2022\u00a0 \u00a0 \u00a0 \u00a0Anlassen:\u00a0 \u00a0 \u00a0 \u00a0elektrisch<br \/>\n\u2022\u00a0 \u00a0 \u00a0 \u00a0Motor-Nr.:\u00a0 \u00a0 \u00a0 352.956-09-048205<br \/>\n\u2022\u00a0 \u00a0 \u00a0 \u00a0Dauerleistung:\u00a0 97 PS \/ 71 KW bei 2500U\/min<br \/>\n\u2022\u00a0 \u00a0 \u00a0 \u00a0Gewicht:\u00a0 \u00a0 \u00a0 \u00a0 430 kg<br \/>\n\u2022\u00a0 \u00a0 \u00a0 \u00a0Getriebe und Antrieb:<br \/>\n\u2022\u00a0 \u00a0 \u00a0 \u00a0Hersteller:\u00a0 \u00a0 \u00a0Voith Getriebe KG, Heidenheim (Brenz)<br \/>\n\u2022\u00a0 \u00a0 \u00a0 \u00a0Typ:\u00a0 \u00a0 Voith-Wandler RS14y<br \/>\n\u2022\u00a0 \u00a0 \u00a0 \u00a0Nr.:\u00a0 \u00a0 80216 (1967)<br \/>\n\u2022\u00a0 \u00a0 \u00a0 \u00a0Antrieb der Achsen:\u00a0 \u00a0 \u00a0\u00fcber Kettenr\u00e4der und Ketten<br \/>\n\u2022\u00a0 \u00a0 \u00a0 \u00a0Betriebsstoffe:<br \/>\n\u2022\u00a0 \u00a0 \u00a0 \u00a0Dieselkraftstoff\u00a0 \u00a0 \u00a0 \u00a0 200 l<br \/>\n\u2022\u00a0 \u00a0 \u00a0 \u00a0Sand\u00a0 \u00a0 100 kg<br \/>\n\u2022\u00a0 \u00a0 \u00a0 \u00a0Zustand bei \u00dcbernahme:<br \/>\n\u2022\u00a0 \u00a0 \u00a0 \u00a0Grundsubstanz:\u00a0 weitgehend vollst\u00e4ndig; erhaltungsw\u00fcrdig; Motor fest<br \/>\n\u2022\u00a0 \u00a0 \u00a0 \u00a0Lackierung:\u00a0 \u00a0 \u00a0Neulackierung erforderlich<br \/>\n\u2022\u00a0 \u00a0 \u00a0 \u00a0Laufwerk:\u00a0 \u00a0 \u00a0 \u00a0Vollscheibenr\u00e4der mit Radreifen<br \/>\n\u2022\u00a0 \u00a0 \u00a0 \u00a0Fristen:\u00a0 \u00a0 \u00a0 \u00a0 letzte Hauptuntersuchung:\u00a0 \u00a0 \u00a0 \u00a004\/2001<br \/>\n\u2022\u00a0 \u00a0 \u00a0 \u00a0Ehem. Einsatzort:\u00a0 \u00a0 \u00a0 \u00a0Peine<br \/>\n\u2022\u00a0 \u00a0 \u00a0 \u00a0\u00dcberf\u00fchrung:<br \/>\n\u2022\u00a0 \u00a0 \u00a0 \u00a0Datum:\u00a0 14.04.2025 &#8211; Kraneinsatz und Stra\u00dfentransport<br \/>\nzum Bahnhof Vienenburg<\/p>\n<p>3\u00a0 \u00a0 \u00a0 \u00a0Skizze der Kleinlok<br \/>\nAbbildung 1: Seitenansicht und Vorderansicht der Diesellokomotive<\/p>\n<p>\u2022\u00a0 \u00a0 \u00a0 \u00a0Abmessungen:<br \/>\n\u2022\u00a0 \u00a0 \u00a0 \u00a0L\u00e4nge (L\u00fcP):\u00a0 \u00a0 5770 mm<br \/>\n\u2022\u00a0 \u00a0 \u00a0 \u00a0Breite: 2950 mm<br \/>\n\u2022\u00a0 \u00a0 \u00a0 \u00a0H\u00f6he:\u00a0 \u00a03507 mm<br \/>\n\u2022\u00a0 \u00a0 \u00a0 \u00a0Radsatz:<br \/>\n\u2022\u00a0 \u00a0 \u00a0 \u00a0Laufkreisdurchmesser:\u00a0 \u00a0850 mm<br \/>\n\u2022\u00a0 \u00a0 \u00a0 \u00a0Laufkeisumfang: 2670 mm<br \/>\n\u2022\u00a0 \u00a0 \u00a0 \u00a0F\u00fchrerhaus:\u00a0 \u00a0 \u00a0geschlossen<\/p>\n<p>4\u00a0 \u00a0 \u00a0 \u00a0Lebenslauf<br \/>\n30.09.1969\u00a0 \u00a0 \u00a0 \u00a0 \u00a0 \u00a0 \u00a0 Inbetriebnahme<br \/>\n23.09.1969\u00a0 \u00a0 \u00a0 \u00a0 \u00a0 \u00a0 \u00a0 Vermietung an Mineral\u00f6lwerke Peine GmbH, Peine [D]<br \/>\n17.02.1970\u00a0 \u00a0 \u00a0 \u00a0 \u00a0 \u00a0 \u00a0 an Mineral\u00f6lwerke Peine GmbH, Peine [D]<br \/>\n__.__.2001\u00a0 \u00a0 \u00a0 \u00a0 \u00a0 \u00a0 \u00a0 Au\u00dferdienststellung\u00a0 [Schlie\u00dfung des Werkes]<br \/>\n__.__.2005\u00a0 \u00a0 \u00a0 \u00a0 \u00a0 \u00a0 \u00a0 an Schrotth\u00e4ndler<br \/>\n__.__.200x\u00a0 \u00a0 \u00a0 \u00a0 \u00a0 \u00a0 \u00a0 Aufstellung als Denkmal, Privat [D] [Harz]<br \/>\n14.04.2025\u00a0 \u00a0 \u00a0 \u00a0 \u00a0 \u00a0 \u00a0 an Historische Eisenbahn Vienenburg VEV e.V. (\u00dcberf\u00fchrungsdatum)<\/p>\n<div class=\"yj6qo\"><\/div>\n","protected":false},"excerpt":{"rendered":"<p>Ein Link zur Kleinlok K\u00f6f II des VEV.e.V &nbsp; Neue Kleinlok f\u00fcr unser Ausstellungsgel\u00e4nde am Bahnhof &nbsp; Beschreibung: JUNG-diesel-hydraulische Lokomotive RK 8 B f\u00fcr Rangierdienst, Exponat im Au\u00dfengel\u00e4nde des Bahnhofs Vienenburg! Zustand nach einigen Arbeiten an der Lok, man erkennt auch den Teilerfolg der Spendenaktion, die D\u00e4cher der Wagen sind erneuert und somit ist der &#8230; <a title=\"Neuigkeiten\" class=\"read-more\" href=\"https:\/\/www.eisenbahnmuseum-vienenburg.de\/?page_id=31\" aria-label=\"Mehr dazu unter Neuigkeiten\">Weiterlesen<\/a><\/p>\n","protected":false},"author":1,"featured_media":0,"parent":0,"menu_order":0,"comment_status":"closed","ping_status":"closed","template":"","meta":{"footnotes":""},"class_list":["post-31","page","type-page","status-publish"],"_links":{"self":[{"href":"https:\/\/www.eisenbahnmuseum-vienenburg.de\/index.php?rest_route=\/wp\/v2\/pages\/31","targetHints":{"allow":["GET"]}}],"collection":[{"href":"https:\/\/www.eisenbahnmuseum-vienenburg.de\/index.php?rest_route=\/wp\/v2\/pages"}],"about":[{"href":"https:\/\/www.eisenbahnmuseum-vienenburg.de\/index.php?rest_route=\/wp\/v2\/types\/page"}],"author":[{"embeddable":true,"href":"https:\/\/www.eisenbahnmuseum-vienenburg.de\/index.php?rest_route=\/wp\/v2\/users\/1"}],"replies":[{"embeddable":true,"href":"https:\/\/www.eisenbahnmuseum-vienenburg.de\/index.php?rest_route=%2Fwp%2Fv2%2Fcomments&post=31"}],"version-history":[{"count":41,"href":"https:\/\/www.eisenbahnmuseum-vienenburg.de\/index.php?rest_route=\/wp\/v2\/pages\/31\/revisions"}],"predecessor-version":[{"id":861,"href":"https:\/\/www.eisenbahnmuseum-vienenburg.de\/index.php?rest_route=\/wp\/v2\/pages\/31\/revisions\/861"}],"wp:attachment":[{"href":"https:\/\/www.eisenbahnmuseum-vienenburg.de\/index.php?rest_route=%2Fwp%2Fv2%2Fmedia&parent=31"}],"curies":[{"name":"wp","href":"https:\/\/api.w.org\/{rel}","templated":true}]}}