{"id":33,"date":"2021-06-14T09:50:10","date_gmt":"2021-06-14T09:50:10","guid":{"rendered":"https:\/\/neu.eisenbahnmuseum-vienenburg.de\/?page_id=33"},"modified":"2021-07-21T14:20:51","modified_gmt":"2021-07-21T14:20:51","slug":"mitmachen","status":"publish","type":"page","link":"https:\/\/www.eisenbahnmuseum-vienenburg.de\/?page_id=33","title":{"rendered":"Mitmachen!"},"content":{"rendered":"<ul>\n<li>Haben Sie Interesse an Themen rund um die Eisenbahn im Ma\u00dfstab 1:1?<\/li>\n<li>M\u00f6chten Sie wissen, welche Bedingungen an einen Betrieb von<br \/>\nhistorischen Fahrzeugen auf Gleisen der DB AG gestellt werden?<\/li>\n<li>M\u00f6chten sie aktiv mitwirken, um unseren Sonderzug einsatzbereit zu halten und einzusetzen?<\/li>\n<\/ul>\n<p>Besuchen Sie uns freitags (ab 14 Uhr) an dem Standort unserer betriebsf\u00e4higen Fahrzeuge (Ort und Zeit nach tel. Vereinbarung). Vereinsmitglieder beantworten w\u00e4hrend eines Rundgangs gerne Ihre Fragen. Wir freuen uns auf Ihren Besuch!<\/p>\n<h3>Wir bieten ein vielf\u00e4ltiges Bet\u00e4tigungsfeld:<\/h3>\n<p>Neben handwerklichen F\u00e4higkeiten insbesondere der Fachbereiche Holz- und Metall-Bearbeitung, sowie der Elektrik (Licht, Heizung) werden Mitarbeiter mit eisenbahnbetrieblich fundierten Kenntnissen gesucht. Neben der Instandhaltung und Pflege historischer Wagen sind logistische und eisenbahn-rechtliche Aufgaben zu erledigen.<\/p>\n<p>Vor, w\u00e4hrend und nach den Sonderfahrten sind etliche Aufgaben zu erledigen und T\u00e4tigkeiten erforderlich, ohne die der Betrieb nicht m\u00f6glich w\u00e4re. Erfahrungen im Eisenbahnbetrieb, der Gastronomie, der Werbung, usw. sind hilfreich bzw. k\u00f6nnen gesammelt werden und kommen dadurch dem Verein zugute.<\/p>\n<p>Manch einer hat \u00fcber die Mitarbeit bei einer Museumseisenbahn die Ausbildung zum Lokf\u00fchrer, Zugbegleiter oder anderen eisenbahnbetrieblichen Themen abgeschlossen.<\/p>\n<p>Der Lohn f\u00fcr den Einsatz der Aktiven ist die kostenlose Mitfahrt im Sonderzug zu unseren Fahrzielen sowie das gesellige Beisammensein im Verein.<\/p>\n","protected":false},"excerpt":{"rendered":"<p>Haben Sie Interesse an Themen rund um die Eisenbahn im Ma\u00dfstab 1:1? M\u00f6chten Sie wissen, welche Bedingungen an einen Betrieb von historischen Fahrzeugen auf Gleisen der DB AG gestellt werden? M\u00f6chten sie aktiv mitwirken, um unseren Sonderzug einsatzbereit zu halten und einzusetzen? Besuchen Sie uns freitags (ab 14 Uhr) an dem Standort unserer betriebsf\u00e4higen Fahrzeuge &#8230; <a title=\"Mitmachen!\" class=\"read-more\" href=\"https:\/\/www.eisenbahnmuseum-vienenburg.de\/?page_id=33\" aria-label=\"Mehr dazu unter Mitmachen!\">Weiterlesen<\/a><\/p>\n","protected":false},"author":1,"featured_media":0,"parent":0,"menu_order":0,"comment_status":"closed","ping_status":"closed","template":"","meta":{"footnotes":""},"class_list":["post-33","page","type-page","status-publish"],"_links":{"self":[{"href":"https:\/\/www.eisenbahnmuseum-vienenburg.de\/index.php?rest_route=\/wp\/v2\/pages\/33","targetHints":{"allow":["GET"]}}],"collection":[{"href":"https:\/\/www.eisenbahnmuseum-vienenburg.de\/index.php?rest_route=\/wp\/v2\/pages"}],"about":[{"href":"https:\/\/www.eisenbahnmuseum-vienenburg.de\/index.php?rest_route=\/wp\/v2\/types\/page"}],"author":[{"embeddable":true,"href":"https:\/\/www.eisenbahnmuseum-vienenburg.de\/index.php?rest_route=\/wp\/v2\/users\/1"}],"replies":[{"embeddable":true,"href":"https:\/\/www.eisenbahnmuseum-vienenburg.de\/index.php?rest_route=%2Fwp%2Fv2%2Fcomments&post=33"}],"version-history":[{"count":3,"href":"https:\/\/www.eisenbahnmuseum-vienenburg.de\/index.php?rest_route=\/wp\/v2\/pages\/33\/revisions"}],"predecessor-version":[{"id":261,"href":"https:\/\/www.eisenbahnmuseum-vienenburg.de\/index.php?rest_route=\/wp\/v2\/pages\/33\/revisions\/261"}],"wp:attachment":[{"href":"https:\/\/www.eisenbahnmuseum-vienenburg.de\/index.php?rest_route=%2Fwp%2Fv2%2Fmedia&parent=33"}],"curies":[{"name":"wp","href":"https:\/\/api.w.org\/{rel}","templated":true}]}}