{"id":35,"date":"2021-06-14T09:51:13","date_gmt":"2021-06-14T09:51:13","guid":{"rendered":"https:\/\/neu.eisenbahnmuseum-vienenburg.de\/?page_id=35"},"modified":"2021-07-21T14:29:12","modified_gmt":"2021-07-21T14:29:12","slug":"helfen-spenden","status":"publish","type":"page","link":"https:\/\/www.eisenbahnmuseum-vienenburg.de\/?page_id=35","title":{"rendered":"Spenden"},"content":{"rendered":"<p>Ihre Spenden werden ausschlie\u00dflich f\u00fcr die Vereinsarbeit verwendet, wie z.B. der betriebsf\u00e4higen Erhaltung unseres historischen Reisezuges. Zuwendungen an Vereinsmitglieder finden nicht statt.<\/p>\n<p>Eine Hauptuntersuchung eines Reisezugwagens, die gesetzlich alle 8 Jahre vorgeschrieben ist, verursacht Kosten im mittleren f\u00fcnfstelligen EURO-Bereich. Diese Untersuchung ist vom Arbeitsaufwand deutlich umfangreicher als eine PKW-T\u00dcV-Untersuchung, da nicht nur Sichtpr\u00fcfungen durchgef\u00fchrt werden, sondern sicherheitsrelevante Baugruppen zwecks Pr\u00fcfung zerlegt werden m\u00fcssen.<\/p>\n<p>Spenden k\u00f6nnen an das Vereins-Konto \u00fcberwiesen werden und sind steuerlich absetzbar. Bankdaten erfragen Sie bitte aus Sicherheitsgr\u00fcnden \u00fcber unsere <a href=\"https:\/\/eisenbahnmuseum-vienenburg.de\/kontakt\">Kontaktdaten<\/a>.<\/p>\n<p>&nbsp;<\/p>\n","protected":false},"excerpt":{"rendered":"<p>Ihre Spenden werden ausschlie\u00dflich f\u00fcr die Vereinsarbeit verwendet, wie z.B. der betriebsf\u00e4higen Erhaltung unseres historischen Reisezuges. Zuwendungen an Vereinsmitglieder finden nicht statt. Eine Hauptuntersuchung eines Reisezugwagens, die gesetzlich alle 8 Jahre vorgeschrieben ist, verursacht Kosten im mittleren f\u00fcnfstelligen EURO-Bereich. Diese Untersuchung ist vom Arbeitsaufwand deutlich umfangreicher als eine PKW-T\u00dcV-Untersuchung, da nicht nur Sichtpr\u00fcfungen durchgef\u00fchrt werden, &#8230; <a title=\"Spenden\" class=\"read-more\" href=\"https:\/\/www.eisenbahnmuseum-vienenburg.de\/?page_id=35\" aria-label=\"Mehr dazu unter Spenden\">Weiterlesen<\/a><\/p>\n","protected":false},"author":1,"featured_media":0,"parent":0,"menu_order":0,"comment_status":"closed","ping_status":"closed","template":"","meta":{"footnotes":""},"class_list":["post-35","page","type-page","status-publish"],"_links":{"self":[{"href":"https:\/\/www.eisenbahnmuseum-vienenburg.de\/index.php?rest_route=\/wp\/v2\/pages\/35","targetHints":{"allow":["GET"]}}],"collection":[{"href":"https:\/\/www.eisenbahnmuseum-vienenburg.de\/index.php?rest_route=\/wp\/v2\/pages"}],"about":[{"href":"https:\/\/www.eisenbahnmuseum-vienenburg.de\/index.php?rest_route=\/wp\/v2\/types\/page"}],"author":[{"embeddable":true,"href":"https:\/\/www.eisenbahnmuseum-vienenburg.de\/index.php?rest_route=\/wp\/v2\/users\/1"}],"replies":[{"embeddable":true,"href":"https:\/\/www.eisenbahnmuseum-vienenburg.de\/index.php?rest_route=%2Fwp%2Fv2%2Fcomments&post=35"}],"version-history":[{"count":3,"href":"https:\/\/www.eisenbahnmuseum-vienenburg.de\/index.php?rest_route=\/wp\/v2\/pages\/35\/revisions"}],"predecessor-version":[{"id":263,"href":"https:\/\/www.eisenbahnmuseum-vienenburg.de\/index.php?rest_route=\/wp\/v2\/pages\/35\/revisions\/263"}],"wp:attachment":[{"href":"https:\/\/www.eisenbahnmuseum-vienenburg.de\/index.php?rest_route=%2Fwp%2Fv2%2Fmedia&parent=35"}],"curies":[{"name":"wp","href":"https:\/\/api.w.org\/{rel}","templated":true}]}}