{"id":43,"date":"2021-06-14T09:53:19","date_gmt":"2021-06-14T09:53:19","guid":{"rendered":"https:\/\/neu.eisenbahnmuseum-vienenburg.de\/?page_id=43"},"modified":"2025-10-28T10:12:13","modified_gmt":"2025-10-28T10:12:13","slug":"521360-8","status":"publish","type":"page","link":"https:\/\/www.eisenbahnmuseum-vienenburg.de\/?page_id=43","title":{"rendered":"Dampflok 52 1360-8"},"content":{"rendered":"<p><span style=\"font-family: arial, helvetica, sans-serif; font-size: 12pt;\"><img loading=\"lazy\" decoding=\"async\" class=\"aligncenter wp-image-645 size-full\" src=\"https:\/\/www.eisenbahnmuseum-vienenburg.de\/wp-content\/uploads\/2023\/03\/26063691_549597142053847_522315607009136055_o-e1679662042195.jpg\" alt=\"\" width=\"2048\" height=\"1013\" srcset=\"https:\/\/www.eisenbahnmuseum-vienenburg.de\/wp-content\/uploads\/2023\/03\/26063691_549597142053847_522315607009136055_o-e1679662042195.jpg 2048w, https:\/\/www.eisenbahnmuseum-vienenburg.de\/wp-content\/uploads\/2023\/03\/26063691_549597142053847_522315607009136055_o-e1679662042195-300x148.jpg 300w, https:\/\/www.eisenbahnmuseum-vienenburg.de\/wp-content\/uploads\/2023\/03\/26063691_549597142053847_522315607009136055_o-e1679662042195-1024x507.jpg 1024w, https:\/\/www.eisenbahnmuseum-vienenburg.de\/wp-content\/uploads\/2023\/03\/26063691_549597142053847_522315607009136055_o-e1679662042195-768x380.jpg 768w, https:\/\/www.eisenbahnmuseum-vienenburg.de\/wp-content\/uploads\/2023\/03\/26063691_549597142053847_522315607009136055_o-e1679662042195-1536x760.jpg 1536w\" sizes=\"auto, (max-width: 2048px) 100vw, 2048px\" \/><\/span><\/p>\n<p><span style=\"font-family: arial, helvetica, sans-serif; font-size: 12pt;\">Die Baureihe 52 wurde damals als Abwandlung der G\u00fcterzugdampflok der Baureihe 50 entwickelt &#8211; Ziel war es Einsparungen der Rohstoffe und Anzahl der zu verbauenden Teile zu erreichen.<\/span><\/p>\n<p><span style=\"font-family: arial, helvetica, sans-serif; font-size: 12pt;\">Unser 52 360\/52 1360-8 wurde im April 1943 an die Deutsche Reichsbahn ausgeliefert &#8211; gebaut bei der Lokomotivfabrik Borsig (Berlin) mit der Fabriknummer 15457.<\/span><br \/>\n<span style=\"font-family: arial, helvetica, sans-serif; font-size: 12pt;\">Nach den Wirren des zweiten Weltkrieges ist die Maschine bei der Deutschen Reichsbahn verblieben und hatte folgende\u00a0<strong>Beheimatungen und Untersuchungen (L3\/4) <\/strong>in ihrem Lebenslauf:<\/span><\/p>\n<p><span style=\"font-family: arial, helvetica, sans-serif; font-size: 12pt;\"><strong>Bw Berlin-Tempelhof Vbf: 07.05.1943 &#8211; 09.03.1945<\/strong><\/span><br \/>\n<span style=\"font-family: arial, helvetica, sans-serif; font-size: 12pt;\"><strong>Bw Magdeburg-Rothensee: 01.02.1946 &#8211; 09.04.1947\u00a0 \u00a0 \u00a0 \u00a0 \u00a0\u00a0<\/strong><\/span><br \/>\n<span style=\"font-family: arial, helvetica, sans-serif; font-size: 12pt;\"><strong>Bw Berlin-Sch\u00f6neweide: 10.04.1947 &#8211; 20.03.1953<\/strong><\/span><br \/>\n<span style=\"font-family: arial, helvetica, sans-serif; font-size: 12pt;\">\u00a0 \u00a0 \u00a0Raw Stendal: 07.03.1949 &#8211; 18.06.1949 (L 3)<\/span><br \/>\n<span style=\"font-family: arial, helvetica, sans-serif; font-size: 12pt;\">\u00a0 \u00a0 \u00a0Raw Stendal: 22.10.1952 &#8211; 11.03.1953 (L 4)<\/span><br \/>\n<span style=\"font-family: arial, helvetica, sans-serif; font-size: 12pt;\"><strong>Bw Berlin-Rummelsburg: 21.03.1953 &#8211; 31.12.1956<\/strong><\/span><br \/>\n<span style=\"font-family: arial, helvetica, sans-serif; font-size: 12pt;\">\u00a0 \u00a0 \u00a0Raw Stendal: 08.10.1954 &#8211; 27.10.1954 (L 4)<\/span><br \/>\n<span style=\"font-family: arial, helvetica, sans-serif; font-size: 12pt;\">\u00a0 \u00a0 \u00a0Raw Stendal: 30.04.1956 &#8211; 05.06.1956 (L 3)<\/span><br \/>\n<span style=\"font-family: arial, helvetica, sans-serif; font-size: 12pt;\"><strong>Bw Frankfurt (Oder) Vbf: 01.01.1957 &#8211; 06.10.1959<\/strong><\/span><br \/>\n<span style=\"font-family: arial, helvetica, sans-serif; font-size: 12pt;\">\u00a0 \u00a0 \u00a0Raw Stendal: 19.06.1959 &#8211; 14.07.1959 (L 4)<\/span><br \/>\n<span style=\"font-family: arial, helvetica, sans-serif; font-size: 12pt;\"><strong>Bw Seddin: 07.10.1959 &#8211; 06.07.1962<\/strong><\/span><br \/>\n<span style=\"font-family: arial, helvetica, sans-serif; font-size: 12pt;\">\u00a0 \u00a0 \u00a0Raw Stendal: 07.07.1962 &#8211; 04.08.1962 (L 3)<\/span><br \/>\n<span style=\"font-family: arial, helvetica, sans-serif; font-size: 12pt;\"><strong>Bw J\u00fcterborg: 05.08.1962 &#8211; 09.04.1965<\/strong><\/span><br \/>\n<span style=\"font-family: arial, helvetica, sans-serif; font-size: 12pt;\"><strong>Bw Berlin-Pankow: 10.04.1966 &#8211; 29.03.1969<\/strong><\/span><br \/>\n<span style=\"font-family: arial, helvetica, sans-serif; font-size: 12pt;\">\u00a0 \u00a0 \u00a0Raw Stendal: 23.02.1966 &#8211; 18.04.1966 (L 4)<\/span><br \/>\n<span style=\"font-family: arial, helvetica, sans-serif; font-size: 12pt;\"><strong>Bw Berlin-Sch\u00f6neweide: 29.03.1969 &#8211; 14.07.1987<\/strong><\/span><\/p>\n<p><span style=\"font-family: arial, helvetica, sans-serif; font-size: 12pt;\">Nach der Ausmusterung der Lok im Jahr 1989 kaufte die <strong>Stadt Vienenburg<\/strong> die Maschine und stellte Sie als Denkmal am Bahnhof aus. Anschlie\u00dfend wurde die Maschine 2002\/2003 komplett betriebsf\u00e4hig aufgearbeitet und war so vor zahlreichen Sonderz\u00fcgen auf dem Netz der DB zu sehen.<br \/>\nViele Jahre wurde die Lok durch uns als <strong>Eisenbahnmuseum Vienenburg e.V.<\/strong> betreut und bis zuletzt betriebsf\u00e4hig erhalten. Sowohl finanzielle als auch Kapazit\u00e4tsgr\u00fcnde, die einen Engpass bei der Unterhaltung der arbeitsintensiven Maschine herbeif\u00fchrten, f\u00fchrten dazu, dass die Stadt Goslar einen Leihvertrag mit der \u201e<strong>Eisenbahnfreunde Treysa e.V.<\/strong>\u201c abgeschlossen hat.<br \/>\nSeitdem ist die Maschine in Pflege durch die Treysaer Kollegen, jedoch hatten wir die Option, diese Lok vor unseren Sonderz\u00fcgen einsetzen zu k\u00f6nnen.<\/span><\/p>\n<p>Mittlerweile ist die Lok nach einer l\u00e4ngeren Odysse leider nicht mehr <span style=\"font-family: arial, helvetica, sans-serif; font-size: 12pt;\">betriebsf\u00e4hig <\/span>und in Aschersleben nach Triebwerksschaden nicht rollf\u00e4hig hinterstellt.<\/p>\n<p>&nbsp;<\/p>\n<p><span style=\"font-family: arial, helvetica, sans-serif; font-size: 12pt;\"><img loading=\"lazy\" decoding=\"async\" class=\"aligncenter wp-image-322 size-full\" src=\"https:\/\/www.eisenbahnmuseum-vienenburg.de\/wp-content\/uploads\/2021\/07\/20150207_Lahntal_und_Oberwesterwald_119-6222_1.jpg\" alt=\"\" width=\"1200\" height=\"394\" srcset=\"https:\/\/www.eisenbahnmuseum-vienenburg.de\/wp-content\/uploads\/2021\/07\/20150207_Lahntal_und_Oberwesterwald_119-6222_1.jpg 1200w, https:\/\/www.eisenbahnmuseum-vienenburg.de\/wp-content\/uploads\/2021\/07\/20150207_Lahntal_und_Oberwesterwald_119-6222_1-300x99.jpg 300w, https:\/\/www.eisenbahnmuseum-vienenburg.de\/wp-content\/uploads\/2021\/07\/20150207_Lahntal_und_Oberwesterwald_119-6222_1-1024x336.jpg 1024w, https:\/\/www.eisenbahnmuseum-vienenburg.de\/wp-content\/uploads\/2021\/07\/20150207_Lahntal_und_Oberwesterwald_119-6222_1-768x252.jpg 768w\" sizes=\"auto, (max-width: 1200px) 100vw, 1200px\" \/><\/span><\/p>\n","protected":false},"excerpt":{"rendered":"<p>Die Baureihe 52 wurde damals als Abwandlung der G\u00fcterzugdampflok der Baureihe 50 entwickelt &#8211; Ziel war es Einsparungen der Rohstoffe und Anzahl der zu verbauenden Teile zu erreichen. Unser 52 360\/52 1360-8 wurde im April 1943 an die Deutsche Reichsbahn ausgeliefert &#8211; gebaut bei der Lokomotivfabrik Borsig (Berlin) mit der Fabriknummer 15457. Nach den Wirren &#8230; <a title=\"Dampflok 52 1360-8\" class=\"read-more\" href=\"https:\/\/www.eisenbahnmuseum-vienenburg.de\/?page_id=43\" aria-label=\"Mehr dazu unter Dampflok 52 1360-8\">Weiterlesen<\/a><\/p>\n","protected":false},"author":1,"featured_media":0,"parent":0,"menu_order":0,"comment_status":"closed","ping_status":"closed","template":"","meta":{"footnotes":""},"class_list":["post-43","page","type-page","status-publish"],"_links":{"self":[{"href":"https:\/\/www.eisenbahnmuseum-vienenburg.de\/index.php?rest_route=\/wp\/v2\/pages\/43","targetHints":{"allow":["GET"]}}],"collection":[{"href":"https:\/\/www.eisenbahnmuseum-vienenburg.de\/index.php?rest_route=\/wp\/v2\/pages"}],"about":[{"href":"https:\/\/www.eisenbahnmuseum-vienenburg.de\/index.php?rest_route=\/wp\/v2\/types\/page"}],"author":[{"embeddable":true,"href":"https:\/\/www.eisenbahnmuseum-vienenburg.de\/index.php?rest_route=\/wp\/v2\/users\/1"}],"replies":[{"embeddable":true,"href":"https:\/\/www.eisenbahnmuseum-vienenburg.de\/index.php?rest_route=%2Fwp%2Fv2%2Fcomments&post=43"}],"version-history":[{"count":18,"href":"https:\/\/www.eisenbahnmuseum-vienenburg.de\/index.php?rest_route=\/wp\/v2\/pages\/43\/revisions"}],"predecessor-version":[{"id":837,"href":"https:\/\/www.eisenbahnmuseum-vienenburg.de\/index.php?rest_route=\/wp\/v2\/pages\/43\/revisions\/837"}],"wp:attachment":[{"href":"https:\/\/www.eisenbahnmuseum-vienenburg.de\/index.php?rest_route=%2Fwp%2Fv2%2Fmedia&parent=43"}],"curies":[{"name":"wp","href":"https:\/\/api.w.org\/{rel}","templated":true}]}}