{"id":53,"date":"2021-06-14T09:56:24","date_gmt":"2021-06-14T09:56:24","guid":{"rendered":"https:\/\/neu.eisenbahnmuseum-vienenburg.de\/?page_id=53"},"modified":"2023-03-23T10:34:31","modified_gmt":"2023-03-23T10:34:31","slug":"reiseangebot-service","status":"publish","type":"page","link":"https:\/\/www.eisenbahnmuseum-vienenburg.de\/?page_id=53","title":{"rendered":"Reiseangebot &#038; Service"},"content":{"rendered":"<p><span style=\"font-family: arial, helvetica, sans-serif;\"><strong>Reiseangebot &amp; Service:<\/strong><\/span><\/p>\n<p><strong><a href=\"https:\/\/www.eisenbahnmuseum-vienenburg.de\/sonderfahrten\"><span style=\"font-family: arial, helvetica, sans-serif;\">Unser Fahrtenprogramm finden Sie HIER.<\/span><\/a><\/strong><\/p>\n<p><span style=\"font-family: arial, helvetica, sans-serif;\"><em>Allgemeines zu den Fahrten:<\/em><\/span><\/p>\n<ul>\n<li><span style=\"font-family: arial, helvetica, sans-serif;\">Die angegebenen Fahrzeiten sind geplante Zeiten! Die genauen Abfahrtzeiten bekommen Sie zusammen mit den Fahrkarten und der Sitzplatzreservierung rechtzeitig vor der jeweiligen Fahrt zugesandt (Nach Eingang der best\u00e4tigten Fahrzeiten der Deutschen Bahn sowie Ihrer \u00dcberweisung).<\/span><\/li>\n<li><span style=\"font-family: arial, helvetica, sans-serif;\">S\u00e4mtliche Fahrten k\u00f6nnen nur bei einer Kostendeckung stattfinden, wir m\u00f6chten Sie deshalb bitten, die Stichtage zu beachten.<\/span><\/li>\n<li><span style=\"font-family: arial, helvetica, sans-serif;\">Sitzplatzw\u00fcnsche k\u00f6nnen bei rechtzeitiger Anmeldung ber\u00fccksichtigt werden.<\/span><\/li>\n<li><span style=\"font-family: arial, helvetica, sans-serif;\">Kinder bis einschlie\u00dflich 5 Jahre sind kostenfrei, einen zus\u00e4tzlichen Sitzplatz f\u00fcr die kostenfreien Kinder reservieren wir Ihnen f\u00fcr 15,00 \u20ac. Der Kinderfahrpreis wird f\u00fcr Kinder im Alter von 6 bis 14 Jahren berechnet. Der Familienpreis (Fam.) beinhaltet 2 Erw. und 1 Kind. Weitere Kinder bekommen den Preis f\u00fcr Familienkinder (Fam. Ki).<\/span><\/li>\n<li><span style=\"font-family: arial, helvetica, sans-serif;\">Bei den Lokomotiven handelt es sich um historische Fahrzeuge. Bei technischem Ausfall kann es zum Zugausfall kommen. Die Fahrpreise werden bei Zugausfall erstattet, weitergehende Anspr\u00fcche k\u00f6nnen nicht geltend gemacht werden. Bitte benutzen Sie beim Ein- und Aussteigen die Handgriffe. Bei dem Einsatz von Dampflokomotiven kann es zu Rauch- und Ru\u00dfentwicklung kommen, wir k\u00f6nnen nicht f\u00fcr verschmutzte Kleidung haften.<\/span><\/li>\n<li><span style=\"font-family: arial, helvetica, sans-serif;\">In der Regel fahren in unseren Z\u00fcgen Ersthelfer mit.<\/span><\/li>\n<\/ul>\n<p><span style=\"font-family: arial, helvetica, sans-serif;\"><em>Wegweiser zu Ihren Sitzpl\u00e4tzen:<\/em><\/span><\/p>\n<ul>\n<li><span style=\"font-family: arial, helvetica, sans-serif;\">Wagen der 1. Klasse sind i.A. kobaltblau lackiert und mit einer 1 direkt am Einstieg gekennzeichnet<\/span><\/li>\n<li><span style=\"font-family: arial, helvetica, sans-serif;\">Wagen der 2. Klasse sind i.A. chromoxidgr\u00fcn lackiert und mit einer 2 direkt am Einstieg gekennzeichnet.<\/span><\/li>\n<li><span style=\"font-family: arial, helvetica, sans-serif;\">Die Wagennummer ist in der Regel unterhalb der Fensterreihe an einem Wagenende angebracht<\/span><\/li>\n<li><span style=\"font-family: arial, helvetica, sans-serif;\">Der Speiseraum des Halbspeisewagens ist von au\u00dfen i.A. purpurrot lackiert<\/span><\/li>\n<li><span style=\"font-family: arial, helvetica, sans-serif;\">Die Wagenreihung kann sich betrieblich bedingt bei Hin- bzw. R\u00fcckfahrt \u00e4ndern. Achten Sie auf die Kennzeichnung der Wagen mit Wagennummern<\/span><\/li>\n<li><span style=\"font-family: arial, helvetica, sans-serif;\">Auf Ihrer Fahrkarte ist die Wagennummer und Ihre Sitzplatz-Nummer notiert. Aus dieser ist auch die Abteilnummer erkennbar. Beispiele f\u00fcr Sitzplatz-Nummern:<\/span><br \/>\n<span style=\"font-family: arial, helvetica, sans-serif;\"><strong>14<\/strong> \u2013 Abteil 1, Platz 14<\/span><br \/>\n<span style=\"font-family: arial, helvetica, sans-serif;\"><strong>106<\/strong> \u2013 Abteil 10, Platz 106<\/span><br \/>\n<span style=\"font-family: arial, helvetica, sans-serif;\">Abteile sind mit Nummer und Klasse im Seitengang gekennzeichnet, Sitzplatznummern finden Sie \u00fcber den Sitzen.<\/span><\/li>\n<\/ul>\n<p><span style=\"font-family: arial, helvetica, sans-serif;\"><em>Service im Speisewagen bzw. am Platz:<\/em><\/span><\/p>\n<p><span style=\"font-family: arial, helvetica, sans-serif;\">In unserem Speisewagen erhalten Sie Speisen und Getr\u00e4nke in hochwertiger Qualit\u00e4t (z.B. von regionalen Fleischern und B\u00e4ckern).<\/span><\/p>\n<p><span style=\"font-family: arial, helvetica, sans-serif;\"><strong>Standardangebot:<br \/>\n<\/strong>Kaffee, Tee, Kuchen, belegte Br\u00f6tchen, W\u00fcrstchen, Suppen, diverse Kaltgetr\u00e4nke.<\/span><br \/>\n<span style=\"font-family: arial, helvetica, sans-serif;\">Je nach Saison und Verf\u00fcgbarkeit auch verschiedene Snacks.<\/span><\/p>\n<p>&nbsp;<\/p>\n","protected":false},"excerpt":{"rendered":"<p>Reiseangebot &amp; Service: Unser Fahrtenprogramm finden Sie HIER. Allgemeines zu den Fahrten: Die angegebenen Fahrzeiten sind geplante Zeiten! Die genauen Abfahrtzeiten bekommen Sie zusammen mit den Fahrkarten und der Sitzplatzreservierung rechtzeitig vor der jeweiligen Fahrt zugesandt (Nach Eingang der best\u00e4tigten Fahrzeiten der Deutschen Bahn sowie Ihrer \u00dcberweisung). S\u00e4mtliche Fahrten k\u00f6nnen nur bei einer Kostendeckung stattfinden, &#8230; <a title=\"Reiseangebot &#038; Service\" class=\"read-more\" href=\"https:\/\/www.eisenbahnmuseum-vienenburg.de\/?page_id=53\" aria-label=\"Mehr dazu unter Reiseangebot &#038; Service\">Weiterlesen<\/a><\/p>\n","protected":false},"author":1,"featured_media":0,"parent":0,"menu_order":0,"comment_status":"closed","ping_status":"closed","template":"","meta":{"footnotes":""},"class_list":["post-53","page","type-page","status-publish"],"_links":{"self":[{"href":"https:\/\/www.eisenbahnmuseum-vienenburg.de\/index.php?rest_route=\/wp\/v2\/pages\/53","targetHints":{"allow":["GET"]}}],"collection":[{"href":"https:\/\/www.eisenbahnmuseum-vienenburg.de\/index.php?rest_route=\/wp\/v2\/pages"}],"about":[{"href":"https:\/\/www.eisenbahnmuseum-vienenburg.de\/index.php?rest_route=\/wp\/v2\/types\/page"}],"author":[{"embeddable":true,"href":"https:\/\/www.eisenbahnmuseum-vienenburg.de\/index.php?rest_route=\/wp\/v2\/users\/1"}],"replies":[{"embeddable":true,"href":"https:\/\/www.eisenbahnmuseum-vienenburg.de\/index.php?rest_route=%2Fwp%2Fv2%2Fcomments&post=53"}],"version-history":[{"count":8,"href":"https:\/\/www.eisenbahnmuseum-vienenburg.de\/index.php?rest_route=\/wp\/v2\/pages\/53\/revisions"}],"predecessor-version":[{"id":526,"href":"https:\/\/www.eisenbahnmuseum-vienenburg.de\/index.php?rest_route=\/wp\/v2\/pages\/53\/revisions\/526"}],"wp:attachment":[{"href":"https:\/\/www.eisenbahnmuseum-vienenburg.de\/index.php?rest_route=%2Fwp%2Fv2%2Fmedia&parent=53"}],"curies":[{"name":"wp","href":"https:\/\/api.w.org\/{rel}","templated":true}]}}