{"id":55,"date":"2021-06-14T09:57:33","date_gmt":"2021-06-14T09:57:33","guid":{"rendered":"https:\/\/neu.eisenbahnmuseum-vienenburg.de\/?page_id=55"},"modified":"2025-06-10T12:02:39","modified_gmt":"2025-06-10T12:02:39","slug":"rueckblick","status":"publish","type":"page","link":"https:\/\/www.eisenbahnmuseum-vienenburg.de\/?page_id=55","title":{"rendered":"R\u00fcckblick"},"content":{"rendered":"<p><strong>Historie<\/strong><\/p>\n<p>Als in den 80er-Jahren das Empfangsgeb\u00e4ude im Bahnhof in Vienenburg abgerissen werden sollte, wurde festgestellt, dass dieses Geb\u00e4ude tats\u00e4chlich noch das Original der ehemaligen \u201eBraunschweigischen Staatsbahn\u201c war und damit wohl <strong>das \u00e4lteste erhaltende Empfangsgeb\u00e4ude in Deutschland <\/strong>ist.<\/p>\n<p>Die Kommune \u00fcbernahm das Geb\u00e4ude von der damaligen Bundesbahn und schnell war klar: \u201e<em>Hier mu\u00df ein Eisenbahnmuseum entstehen!\u201c<\/em> Dies bedingte die Gr\u00fcndung des VEV e.V., Abk\u00fcrzung f\u00fcr das monstr\u00f6se \u201eVerein zur F\u00f6rderung des Eisenbahnmuseums Vienenburg, eingetragener Verein\u201c. Wurde zuerst der Innenteil des Museums fertig gestellt, folgten dann die Au\u00dfenanlagen mit einigen historischen Wagen, einer Diesel-Kleinlok und entsprechender Signaltechnik.<\/p>\n<p>So etwa zur Jahrtausendwende gr\u00fcndete sich innerhalb dieses Vereins dann eine Arbeitsgruppe mit dem Ziel, einen historischen Schienenverkehr aufzubauen.<\/p>\n<p>Das war nicht unumstritten, bedeutete das n\u00e4mlich einen ganz erheblichen Schritt von einem Eisenbahnmuseum zu einer Museumseisenbahn! Und da alles einmal klein angefangen hat, wurden die ersten Fahrten mit einem eigenen Bundesbahn-Schienenbus durchgef\u00fchrt, gefolgt von Fahrten mit gemieteten und eigenen Fahrzeugen bis zum heute vereinseigenen Fernschnellzug der ehemaligen Deutschen Bundesbahn.<\/p>\n<p>Was kann man sich nun darunter vorstellen? F\u00e4hrt heute so etwas noch \u00fcberall? Die letzte Frage l\u00e4sst sich mit einem klaren NEIN beantworten, zur ersten Frage ein paar Erkl\u00e4rungen finden Sie <a href=\"http:\/\/www.eisenbahnmuseum-vienenburg.de\/historischer-schnellzug\">HIER<\/a>.<\/p>\n<p>Vergangene Fahrten<\/p>\n<ul>\n<li><strong>Sonderfahrt Emdener Matjestage 28. Mai 2022<\/strong><\/li>\n<\/ul>\n<p>Nach Aussagen unserer Fahrg\u00e4ste eine sehr erfolgreiche Sonderfahrt zu den Matjestagen in Emden. Die Fahrt konnte St\u00f6rungsfrei durchgef\u00fchrt werden.<\/p>\n<p>Danke an unsere Fahrg\u00e4ste, an die Aktiven des VEV und besonders an das Lokpersonal und die Firma WFL<\/p>\n<p><a href=\"https:\/\/www.eisenbahnmuseum-vienenburg.de\/wp-content\/uploads\/2022\/06\/232-Braunschweig.bmp\"><img loading=\"lazy\" decoding=\"async\" class=\"alignnone wp-image-439\" src=\"https:\/\/www.eisenbahnmuseum-vienenburg.de\/wp-content\/uploads\/2022\/06\/232-Braunschweig.bmp\" alt=\"\" width=\"524\" height=\"236\" \/><\/a>\u00a0 \u00a0 \u00a0 <img loading=\"lazy\" decoding=\"async\" class=\"alignnone wp-image-440\" src=\"https:\/\/www.eisenbahnmuseum-vienenburg.de\/wp-content\/uploads\/2022\/06\/232-Leer.bmp\" alt=\"\" width=\"567\" height=\"256\" \/><\/p>\n<p>Der Zug\u00a0 mit der WFL Diesellok der Baureihe 232 in Braunschweig\u00a0 \u00a0 \u00a0 \u00a0 \u00a0 \u00a0 \u00a0 \u00a0 \u00a0 \u00a0 \u00a0 und in Leer\u00a0 \u00a0 \u00a0 \u00a0 \u00a0 \u00a0 \u00a0 \u00a0 \u00a0 \u00a0 \u00a0 \u00a0 \u00a0 \u00a0 \u00a0 \u00a0 \u00a0 \u00a0 \u00a0 \u00a0 \u00a0 \u00a0 \u00a0 \u00a0 \u00a0 \u00a0 \u00a0 \u00a0 \u00a0 \u00a0 \u00a0 <span style=\"font-size: 8pt;\">Bilder \u00a9 Gernot Willrich<\/span><\/p>\n<p><img loading=\"lazy\" decoding=\"async\" class=\"alignnone wp-image-462\" src=\"https:\/\/www.eisenbahnmuseum-vienenburg.de\/wp-content\/uploads\/2022\/06\/DSC_4177-Bearbeitet-300x217.jpg\" alt=\"\" width=\"485\" height=\"350\" srcset=\"https:\/\/www.eisenbahnmuseum-vienenburg.de\/wp-content\/uploads\/2022\/06\/DSC_4177-Bearbeitet-300x217.jpg 300w, https:\/\/www.eisenbahnmuseum-vienenburg.de\/wp-content\/uploads\/2022\/06\/DSC_4177-Bearbeitet-1024x739.jpg 1024w, https:\/\/www.eisenbahnmuseum-vienenburg.de\/wp-content\/uploads\/2022\/06\/DSC_4177-Bearbeitet-768x555.jpg 768w, https:\/\/www.eisenbahnmuseum-vienenburg.de\/wp-content\/uploads\/2022\/06\/DSC_4177-Bearbeitet-1536x1109.jpg 1536w, https:\/\/www.eisenbahnmuseum-vienenburg.de\/wp-content\/uploads\/2022\/06\/DSC_4177-Bearbeitet-2048x1479.jpg 2048w\" sizes=\"auto, (max-width: 485px) 100vw, 485px\" \/>\u00a0 \u00a0 \u00a0 \u00a0 \u00a0 \u00a0 \u00a0 <img loading=\"lazy\" decoding=\"async\" class=\"alignnone wp-image-463\" src=\"https:\/\/www.eisenbahnmuseum-vienenburg.de\/wp-content\/uploads\/2022\/06\/DSC_4182-Bearbeitet-300x200.jpg\" alt=\"\" width=\"522\" height=\"348\" srcset=\"https:\/\/www.eisenbahnmuseum-vienenburg.de\/wp-content\/uploads\/2022\/06\/DSC_4182-Bearbeitet-300x200.jpg 300w, https:\/\/www.eisenbahnmuseum-vienenburg.de\/wp-content\/uploads\/2022\/06\/DSC_4182-Bearbeitet-1024x682.jpg 1024w, https:\/\/www.eisenbahnmuseum-vienenburg.de\/wp-content\/uploads\/2022\/06\/DSC_4182-Bearbeitet-768x512.jpg 768w, https:\/\/www.eisenbahnmuseum-vienenburg.de\/wp-content\/uploads\/2022\/06\/DSC_4182-Bearbeitet-1536x1024.jpg 1536w, https:\/\/www.eisenbahnmuseum-vienenburg.de\/wp-content\/uploads\/2022\/06\/DSC_4182-Bearbeitet.jpg 1772w\" sizes=\"auto, (max-width: 522px) 100vw, 522px\" \/> <img loading=\"lazy\" decoding=\"async\" class=\"alignnone wp-image-464\" src=\"https:\/\/www.eisenbahnmuseum-vienenburg.de\/wp-content\/uploads\/2022\/06\/DSC_4189-Bearbeitet-300x217.jpg\" alt=\"\" width=\"485\" height=\"350\" srcset=\"https:\/\/www.eisenbahnmuseum-vienenburg.de\/wp-content\/uploads\/2022\/06\/DSC_4189-Bearbeitet-300x217.jpg 300w, https:\/\/www.eisenbahnmuseum-vienenburg.de\/wp-content\/uploads\/2022\/06\/DSC_4189-Bearbeitet-1024x739.jpg 1024w, https:\/\/www.eisenbahnmuseum-vienenburg.de\/wp-content\/uploads\/2022\/06\/DSC_4189-Bearbeitet-768x555.jpg 768w, https:\/\/www.eisenbahnmuseum-vienenburg.de\/wp-content\/uploads\/2022\/06\/DSC_4189-Bearbeitet-1536x1109.jpg 1536w, https:\/\/www.eisenbahnmuseum-vienenburg.de\/wp-content\/uploads\/2022\/06\/DSC_4189-Bearbeitet-2048x1479.jpg 2048w\" sizes=\"auto, (max-width: 485px) 100vw, 485px\" \/>\u00a0 \u00a0 \u00a0 \u00a0 \u00a0 \u00a0 \u00a0 <img loading=\"lazy\" decoding=\"async\" class=\"alignnone wp-image-465\" src=\"https:\/\/www.eisenbahnmuseum-vienenburg.de\/wp-content\/uploads\/2022\/06\/DSC_4208-Bearbeitet-300x217.jpg\" alt=\"\" width=\"521\" height=\"377\" srcset=\"https:\/\/www.eisenbahnmuseum-vienenburg.de\/wp-content\/uploads\/2022\/06\/DSC_4208-Bearbeitet-300x217.jpg 300w, https:\/\/www.eisenbahnmuseum-vienenburg.de\/wp-content\/uploads\/2022\/06\/DSC_4208-Bearbeitet-1024x739.jpg 1024w, https:\/\/www.eisenbahnmuseum-vienenburg.de\/wp-content\/uploads\/2022\/06\/DSC_4208-Bearbeitet-768x555.jpg 768w, https:\/\/www.eisenbahnmuseum-vienenburg.de\/wp-content\/uploads\/2022\/06\/DSC_4208-Bearbeitet-1536x1109.jpg 1536w, https:\/\/www.eisenbahnmuseum-vienenburg.de\/wp-content\/uploads\/2022\/06\/DSC_4208-Bearbeitet-2048x1479.jpg 2048w\" sizes=\"auto, (max-width: 521px) 100vw, 521px\" \/><\/p>\n<p>Bilder mit freundlicher Genehmigung von Dirk Plum<\/p>\n<p style=\"text-align: center;\">R\u00fcckblick 2024<\/p>\n<p><img loading=\"lazy\" decoding=\"async\" class=\"wp-image-735 aligncenter\" src=\"https:\/\/www.eisenbahnmuseum-vienenburg.de\/wp-content\/uploads\/2024\/01\/vev-gz-300x123.jpg\" alt=\"\" width=\"941\" height=\"386\" srcset=\"https:\/\/www.eisenbahnmuseum-vienenburg.de\/wp-content\/uploads\/2024\/01\/vev-gz-300x123.jpg 300w, https:\/\/www.eisenbahnmuseum-vienenburg.de\/wp-content\/uploads\/2024\/01\/vev-gz-768x315.jpg 768w, https:\/\/www.eisenbahnmuseum-vienenburg.de\/wp-content\/uploads\/2024\/01\/vev-gz.jpg 917w\" sizes=\"auto, (max-width: 941px) 100vw, 941px\" \/><\/p>\n<p><strong><span style=\"font-size: 14pt;\">Vergangene sonstige Veranstaltungen<\/span><\/strong><\/p>\n<h3><em>Reiseberichte im Netz<\/em><\/h3>\n<p>Unter folgenden externen Links finden Sie Reiseberichte zu einigen unserer Sonderfahrten:<\/p>\n<ul>\n<li>06.2011: \u00d6ffentlicher Sonderzug zu den Emder-Matjes-Tagen<\/li>\n<\/ul>\n<p><a href=\"https:\/\/www.drehscheibe-online.de\/foren\/read.php?108,5413719,5413719#msg-5413719\">https:\/\/www.drehscheibe-online.de\/foren\/read.php?108,5413719,5413719#msg-5413719<\/a><\/p>\n<ul>\n<li>06.2012: Charterfahrt HARZ ENERGIE<\/li>\n<\/ul>\n<p><a href=\"https:\/\/www.drehscheibe-online.de\/foren\/read.php?108,5941804\">https:\/\/www.drehscheibe-online.de\/foren\/read.php?108,5941804<\/a><\/p>\n<ul>\n<li>07.2012: Charterfahrt Landkreis Goslar<\/li>\n<\/ul>\n<p><a href=\"https:\/\/www.drehscheibe-online.de\/foren\/read.php?108,5983012\">https:\/\/www.drehscheibe-online.de\/foren\/read.php?108,5983012<\/a><\/p>\n<p>&nbsp;<\/p>\n<p><em>Bildergalerie Charterfahrten:<\/em><\/p>\n<ul>\n<li>Sambazug mit Tanzwagen:<\/li>\n<\/ul>\n<p><img loading=\"lazy\" decoding=\"async\" class=\"wp-image-233  aligncenter\" src=\"https:\/\/eisenbahnmuseum-vienenburg.de\/wp-content\/uploads\/2021\/07\/Bildergalerie-Charterfahrten_1.jpg\" alt=\"\" width=\"723\" height=\"431\" srcset=\"https:\/\/www.eisenbahnmuseum-vienenburg.de\/wp-content\/uploads\/2021\/07\/Bildergalerie-Charterfahrten_1.jpg 384w, https:\/\/www.eisenbahnmuseum-vienenburg.de\/wp-content\/uploads\/2021\/07\/Bildergalerie-Charterfahrten_1-300x179.jpg 300w\" sizes=\"auto, (max-width: 723px) 100vw, 723px\" \/><\/p>\n<p>&nbsp;<\/p>\n<ul>\n<li style=\"list-style-type: none;\">\n<ul>\n<li><\/li>\n<li><\/li>\n<li>Jubil\u00e4umsfahrt:<\/li>\n<\/ul>\n<p>175 Jahre Bad Harzburg-Braunschweig 10.11.2018<\/li>\n<\/ul>\n<p><img loading=\"lazy\" decoding=\"async\" class=\"wp-image-235  aligncenter\" src=\"https:\/\/eisenbahnmuseum-vienenburg.de\/wp-content\/uploads\/2021\/07\/Jubilaeum-175-Jahre-Braunschweig-Bad-Harzburg.jpg\" alt=\"\" width=\"895\" height=\"665\" srcset=\"https:\/\/www.eisenbahnmuseum-vienenburg.de\/wp-content\/uploads\/2021\/07\/Jubilaeum-175-Jahre-Braunschweig-Bad-Harzburg.jpg 342w, https:\/\/www.eisenbahnmuseum-vienenburg.de\/wp-content\/uploads\/2021\/07\/Jubilaeum-175-Jahre-Braunschweig-Bad-Harzburg-300x223.jpg 300w\" sizes=\"auto, (max-width: 895px) 100vw, 895px\" \/><\/p>\n<ul>\n<li>Sonderfahrt 150 Jahre KEMNA<\/li>\n<\/ul>\n<p><img loading=\"lazy\" decoding=\"async\" class=\"wp-image-236  aligncenter\" src=\"https:\/\/eisenbahnmuseum-vienenburg.de\/wp-content\/uploads\/2021\/07\/KEMNA-1.jpg\" alt=\"\" width=\"896\" height=\"546\" srcset=\"https:\/\/www.eisenbahnmuseum-vienenburg.de\/wp-content\/uploads\/2021\/07\/KEMNA-1.jpg 351w, https:\/\/www.eisenbahnmuseum-vienenburg.de\/wp-content\/uploads\/2021\/07\/KEMNA-1-300x183.jpg 300w\" sizes=\"auto, (max-width: 896px) 100vw, 896px\" \/><\/p>\n<p>Im Bereich der Schotterverladung Bad Harzburg<\/p>\n<p><img loading=\"lazy\" decoding=\"async\" class=\"wp-image-237  aligncenter\" src=\"https:\/\/eisenbahnmuseum-vienenburg.de\/wp-content\/uploads\/2021\/07\/KEMNA-2.jpg\" alt=\"\" width=\"907\" height=\"667\" srcset=\"https:\/\/www.eisenbahnmuseum-vienenburg.de\/wp-content\/uploads\/2021\/07\/KEMNA-2.jpg 351w, https:\/\/www.eisenbahnmuseum-vienenburg.de\/wp-content\/uploads\/2021\/07\/KEMNA-2-300x221.jpg 300w\" sizes=\"auto, (max-width: 907px) 100vw, 907px\" \/><\/p>\n<p>Kinder der Kindertagesst\u00e4tte Bad Harzburg-Schlewecke gr\u00fc\u00dfen den Zug<\/p>\n<p><img loading=\"lazy\" decoding=\"async\" class=\"wp-image-239  aligncenter\" src=\"https:\/\/eisenbahnmuseum-vienenburg.de\/wp-content\/uploads\/2021\/07\/KEMNA-3.jpg\" alt=\"\" width=\"911\" height=\"566\" srcset=\"https:\/\/www.eisenbahnmuseum-vienenburg.de\/wp-content\/uploads\/2021\/07\/KEMNA-3.jpg 351w, https:\/\/www.eisenbahnmuseum-vienenburg.de\/wp-content\/uploads\/2021\/07\/KEMNA-3-300x186.jpg 300w\" sizes=\"auto, (max-width: 911px) 100vw, 911px\" \/><\/p>\n<p>Am Ziel der Reise: Bahnverladung Quedlinburg<\/p>\n<p>&nbsp;<\/p>\n","protected":false},"excerpt":{"rendered":"<p>Historie Als in den 80er-Jahren das Empfangsgeb\u00e4ude im Bahnhof in Vienenburg abgerissen werden sollte, wurde festgestellt, dass dieses Geb\u00e4ude tats\u00e4chlich noch das Original der ehemaligen \u201eBraunschweigischen Staatsbahn\u201c war und damit wohl das \u00e4lteste erhaltende Empfangsgeb\u00e4ude in Deutschland ist. Die Kommune \u00fcbernahm das Geb\u00e4ude von der damaligen Bundesbahn und schnell war klar: \u201eHier mu\u00df ein Eisenbahnmuseum &#8230; <a title=\"R\u00fcckblick\" class=\"read-more\" href=\"https:\/\/www.eisenbahnmuseum-vienenburg.de\/?page_id=55\" aria-label=\"Mehr dazu unter R\u00fcckblick\">Weiterlesen<\/a><\/p>\n","protected":false},"author":1,"featured_media":0,"parent":0,"menu_order":0,"comment_status":"closed","ping_status":"closed","template":"","meta":{"footnotes":""},"class_list":["post-55","page","type-page","status-publish"],"_links":{"self":[{"href":"https:\/\/www.eisenbahnmuseum-vienenburg.de\/index.php?rest_route=\/wp\/v2\/pages\/55","targetHints":{"allow":["GET"]}}],"collection":[{"href":"https:\/\/www.eisenbahnmuseum-vienenburg.de\/index.php?rest_route=\/wp\/v2\/pages"}],"about":[{"href":"https:\/\/www.eisenbahnmuseum-vienenburg.de\/index.php?rest_route=\/wp\/v2\/types\/page"}],"author":[{"embeddable":true,"href":"https:\/\/www.eisenbahnmuseum-vienenburg.de\/index.php?rest_route=\/wp\/v2\/users\/1"}],"replies":[{"embeddable":true,"href":"https:\/\/www.eisenbahnmuseum-vienenburg.de\/index.php?rest_route=%2Fwp%2Fv2%2Fcomments&post=55"}],"version-history":[{"count":22,"href":"https:\/\/www.eisenbahnmuseum-vienenburg.de\/index.php?rest_route=\/wp\/v2\/pages\/55\/revisions"}],"predecessor-version":[{"id":833,"href":"https:\/\/www.eisenbahnmuseum-vienenburg.de\/index.php?rest_route=\/wp\/v2\/pages\/55\/revisions\/833"}],"wp:attachment":[{"href":"https:\/\/www.eisenbahnmuseum-vienenburg.de\/index.php?rest_route=%2Fwp%2Fv2%2Fmedia&parent=55"}],"curies":[{"name":"wp","href":"https:\/\/api.w.org\/{rel}","templated":true}]}}